{"id":1012,"date":"2025-12-12T13:04:53","date_gmt":"2025-12-12T13:04:53","guid":{"rendered":"https:\/\/bumart.pl\/index.php\/product\/zaprawa-do-glaz-elast-20kg-icon-h40-szary-kerakol\/"},"modified":"2026-04-04T14:46:45","modified_gmt":"2026-04-04T14:46:45","slug":"zaprawa-do-glaz-elast-20kg-icon-h40-szary-kerakol","status":"publish","type":"product","link":"https:\/\/bumart.pl\/index.php\/product\/zaprawa-do-glaz-elast-20kg-icon-h40-szary-kerakol\/","title":{"rendered":"Zaprawa do glaz.elast 20kg ICON  H40 szary KERAKOL"},"content":{"rendered":"","protected":false},"excerpt":{"rendered":"<p>Klej Kerakoll H40 Icon to szara zaprawa klej\u0105ca o masie 20 kg, przeznaczona do r\u00f3\u017cnorodnych p\u0142ytek. Charakteryzuje si\u0119 doskona\u0142ym kryciem i zdolno\u015bci\u0105 do utrzymania formy przy r\u00f3\u017cnych grubo\u015bciach warstw.<\/p>\n","protected":false},"featured_media":1013,"comment_status":"open","ping_status":"closed","template":"","meta":[],"product_brand":[],"product_cat":[26],"product_tag":[],"class_list":{"0":"post-1012","1":"product","2":"type-product","3":"status-publish","4":"has-post-thumbnail","6":"product_cat-chemia-budowlana","8":"first","9":"instock","10":"taxable","11":"shipping-taxable","12":"purchasable","13":"product-type-simple"},"jetpack_sharing_enabled":true,"_links":{"self":[{"href":"https:\/\/bumart.pl\/index.php\/wp-json\/wp\/v2\/product\/1012","targetHints":{"allow":["GET"]}}],"collection":[{"href":"https:\/\/bumart.pl\/index.php\/wp-json\/wp\/v2\/product"}],"about":[{"href":"https:\/\/bumart.pl\/index.php\/wp-json\/wp\/v2\/types\/product"}],"replies":[{"embeddable":true,"href":"https:\/\/bumart.pl\/index.php\/wp-json\/wp\/v2\/comments?post=1012"}],"wp:featuredmedia":[{"embeddable":true,"href":"https:\/\/bumart.pl\/index.php\/wp-json\/wp\/v2\/media\/1013"}],"wp:attachment":[{"href":"https:\/\/bumart.pl\/index.php\/wp-json\/wp\/v2\/media?parent=1012"}],"wp:term":[{"taxonomy":"product_brand","embeddable":true,"href":"https:\/\/bumart.pl\/index.php\/wp-json\/wp\/v2\/product_brand?post=1012"},{"taxonomy":"product_cat","embeddable":true,"href":"https:\/\/bumart.pl\/index.php\/wp-json\/wp\/v2\/product_cat?post=1012"},{"taxonomy":"product_tag","embeddable":true,"href":"https:\/\/bumart.pl\/index.php\/wp-json\/wp\/v2\/product_tag?post=1012"}],"curies":[{"name":"wp","href":"https:\/\/api.w.org\/{rel}","templated":true}]}}