{"id":1102,"date":"2025-12-12T13:06:05","date_gmt":"2025-12-12T13:06:05","guid":{"rendered":"https:\/\/bumart.pl\/index.php\/product\/olej-do-silnikow-4-suwowych-1l-trawol-10w-30\/"},"modified":"2026-04-11T14:46:57","modified_gmt":"2026-04-11T14:46:57","slug":"olej-do-silnikow-4-suwowych-1l-trawol-10w-30","status":"publish","type":"product","link":"https:\/\/bumart.pl\/index.php\/product\/olej-do-silnikow-4-suwowych-1l-trawol-10w-30\/","title":{"rendered":"Olej do silnik\u00f3w 4-suwowych 1l Trawol 10W-30"},"content":{"rendered":"","protected":false},"excerpt":{"rendered":"<p>Wysokiej jako\u015bci, wielosezonowy mineralny olej przeznaczony do stosowania w maszynach rolniczych wyposa\u017conych w silniki czterosuwowe. <\/p>\n","protected":false},"featured_media":1103,"comment_status":"open","ping_status":"closed","template":"","meta":[],"product_brand":[],"product_cat":[25],"product_tag":[],"class_list":{"0":"post-1102","1":"product","2":"type-product","3":"status-publish","4":"has-post-thumbnail","6":"product_cat-akcesoria-samochodowe","8":"first","9":"outofstock","10":"taxable","11":"shipping-taxable","12":"purchasable","13":"product-type-simple"},"jetpack_sharing_enabled":true,"_links":{"self":[{"href":"https:\/\/bumart.pl\/index.php\/wp-json\/wp\/v2\/product\/1102","targetHints":{"allow":["GET"]}}],"collection":[{"href":"https:\/\/bumart.pl\/index.php\/wp-json\/wp\/v2\/product"}],"about":[{"href":"https:\/\/bumart.pl\/index.php\/wp-json\/wp\/v2\/types\/product"}],"replies":[{"embeddable":true,"href":"https:\/\/bumart.pl\/index.php\/wp-json\/wp\/v2\/comments?post=1102"}],"wp:featuredmedia":[{"embeddable":true,"href":"https:\/\/bumart.pl\/index.php\/wp-json\/wp\/v2\/media\/1103"}],"wp:attachment":[{"href":"https:\/\/bumart.pl\/index.php\/wp-json\/wp\/v2\/media?parent=1102"}],"wp:term":[{"taxonomy":"product_brand","embeddable":true,"href":"https:\/\/bumart.pl\/index.php\/wp-json\/wp\/v2\/product_brand?post=1102"},{"taxonomy":"product_cat","embeddable":true,"href":"https:\/\/bumart.pl\/index.php\/wp-json\/wp\/v2\/product_cat?post=1102"},{"taxonomy":"product_tag","embeddable":true,"href":"https:\/\/bumart.pl\/index.php\/wp-json\/wp\/v2\/product_tag?post=1102"}],"curies":[{"name":"wp","href":"https:\/\/api.w.org\/{rel}","templated":true}]}}