{"id":1104,"date":"2025-12-12T13:06:06","date_gmt":"2025-12-12T13:06:06","guid":{"rendered":"https:\/\/bumart.pl\/index.php\/product\/smar-do-kosiarek-i-wykaszarek-150g-smarol-nano\/"},"modified":"2026-04-09T14:46:52","modified_gmt":"2026-04-09T14:46:52","slug":"smar-do-kosiarek-i-wykaszarek-150g-smarol-nano","status":"publish","type":"product","link":"https:\/\/bumart.pl\/index.php\/product\/smar-do-kosiarek-i-wykaszarek-150g-smarol-nano\/","title":{"rendered":"Smar do kosiarek i wykaszarek 150g Smarol Nano"},"content":{"rendered":"","protected":false},"excerpt":{"rendered":"<p>SMAROL NANO do kosiarek i wykaszarek przeznaczony jest do smarowania przek\u0142adni k\u0105towych kos spalinowych i podkaszarek. Smar produkowany jest z wysokojako\u015bciowego oleju bazowego zag\u0119szczanego kompleksowymi myd\u0142ami litowymi.<\/p>\n","protected":false},"featured_media":1105,"comment_status":"open","ping_status":"closed","template":"","meta":[],"product_brand":[],"product_cat":[25],"product_tag":[],"class_list":{"0":"post-1104","1":"product","2":"type-product","3":"status-publish","4":"has-post-thumbnail","6":"product_cat-akcesoria-samochodowe","8":"first","9":"instock","10":"taxable","11":"shipping-taxable","12":"purchasable","13":"product-type-simple"},"jetpack_sharing_enabled":true,"_links":{"self":[{"href":"https:\/\/bumart.pl\/index.php\/wp-json\/wp\/v2\/product\/1104","targetHints":{"allow":["GET"]}}],"collection":[{"href":"https:\/\/bumart.pl\/index.php\/wp-json\/wp\/v2\/product"}],"about":[{"href":"https:\/\/bumart.pl\/index.php\/wp-json\/wp\/v2\/types\/product"}],"replies":[{"embeddable":true,"href":"https:\/\/bumart.pl\/index.php\/wp-json\/wp\/v2\/comments?post=1104"}],"wp:featuredmedia":[{"embeddable":true,"href":"https:\/\/bumart.pl\/index.php\/wp-json\/wp\/v2\/media\/1105"}],"wp:attachment":[{"href":"https:\/\/bumart.pl\/index.php\/wp-json\/wp\/v2\/media?parent=1104"}],"wp:term":[{"taxonomy":"product_brand","embeddable":true,"href":"https:\/\/bumart.pl\/index.php\/wp-json\/wp\/v2\/product_brand?post=1104"},{"taxonomy":"product_cat","embeddable":true,"href":"https:\/\/bumart.pl\/index.php\/wp-json\/wp\/v2\/product_cat?post=1104"},{"taxonomy":"product_tag","embeddable":true,"href":"https:\/\/bumart.pl\/index.php\/wp-json\/wp\/v2\/product_tag?post=1104"}],"curies":[{"name":"wp","href":"https:\/\/api.w.org\/{rel}","templated":true}]}}