{"id":1119,"date":"2025-12-12T13:06:19","date_gmt":"2025-12-12T13:06:19","guid":{"rendered":"https:\/\/bumart.pl\/index.php\/product\/zawor-czerpalny-1-2-kran-z-koncowka-plastikowa\/"},"modified":"2026-04-13T11:46:59","modified_gmt":"2026-04-13T11:46:59","slug":"zawor-czerpalny-1-2-kran-z-koncowka-plastikowa","status":"publish","type":"product","link":"https:\/\/bumart.pl\/index.php\/product\/zawor-czerpalny-1-2-kran-z-koncowka-plastikowa\/","title":{"rendered":"Zaw\u00f3r czerpalny 1\/2 kran z ko\u0144c\u00f3wk\u0105 plastikow\u0105"},"content":{"rendered":"","protected":false},"excerpt":{"rendered":"<p>Zaw\u00f3r kulowy czerpalny pos\u0142u\u017cy do utworzenia wygodnego w obs\u0142udze punktu pobierania wody wewn\u0105trz lub na zewn\u0105trz budynku. Produkt jest wykonany z trwa\u0142ego mosi\u0105dzu pokrytego chromem, co zapewnia jego odporno\u015b\u0107 na uszkodzenie lub korozj\u0119. <\/p>\n","protected":false},"featured_media":1120,"comment_status":"open","ping_status":"closed","template":"","meta":[],"product_brand":[],"product_cat":[35],"product_tag":[],"class_list":{"0":"post-1119","1":"product","2":"type-product","3":"status-publish","4":"has-post-thumbnail","6":"product_cat-wod-kan","8":"first","9":"instock","10":"taxable","11":"shipping-taxable","12":"purchasable","13":"product-type-simple"},"jetpack_sharing_enabled":true,"_links":{"self":[{"href":"https:\/\/bumart.pl\/index.php\/wp-json\/wp\/v2\/product\/1119","targetHints":{"allow":["GET"]}}],"collection":[{"href":"https:\/\/bumart.pl\/index.php\/wp-json\/wp\/v2\/product"}],"about":[{"href":"https:\/\/bumart.pl\/index.php\/wp-json\/wp\/v2\/types\/product"}],"replies":[{"embeddable":true,"href":"https:\/\/bumart.pl\/index.php\/wp-json\/wp\/v2\/comments?post=1119"}],"wp:featuredmedia":[{"embeddable":true,"href":"https:\/\/bumart.pl\/index.php\/wp-json\/wp\/v2\/media\/1120"}],"wp:attachment":[{"href":"https:\/\/bumart.pl\/index.php\/wp-json\/wp\/v2\/media?parent=1119"}],"wp:term":[{"taxonomy":"product_brand","embeddable":true,"href":"https:\/\/bumart.pl\/index.php\/wp-json\/wp\/v2\/product_brand?post=1119"},{"taxonomy":"product_cat","embeddable":true,"href":"https:\/\/bumart.pl\/index.php\/wp-json\/wp\/v2\/product_cat?post=1119"},{"taxonomy":"product_tag","embeddable":true,"href":"https:\/\/bumart.pl\/index.php\/wp-json\/wp\/v2\/product_tag?post=1119"}],"curies":[{"name":"wp","href":"https:\/\/api.w.org\/{rel}","templated":true}]}}