{"id":1196,"date":"2025-12-12T13:07:17","date_gmt":"2025-12-12T13:07:17","guid":{"rendered":"https:\/\/bumart.pl\/index.php\/product\/motyka-trapezowa-z-widelkami-35cm-trzonek-drewno\/"},"modified":"2026-04-10T14:46:56","modified_gmt":"2026-04-10T14:46:56","slug":"motyka-trapezowa-z-widelkami-35cm-trzonek-drewno","status":"publish","type":"product","link":"https:\/\/bumart.pl\/index.php\/product\/motyka-trapezowa-z-widelkami-35cm-trzonek-drewno\/","title":{"rendered":"Motyka trapezowa z wide\u0142kami 35cm trzonek drewno"},"content":{"rendered":"","protected":false},"excerpt":{"rendered":"<p>Motyka zosta\u0142a wykonana z solidnej stali, dzi\u0119ki kt\u00f3rej charakteryzuje si\u0119 ona odporno\u015bci\u0105 na \u015bcieranie, uszkodzenia mechaniczne czy ewentualn\u0105 wilgo\u0107 pojawiaj\u0105c\u0105 si\u0119 podczas u\u017cytkowania. Posiada drewniany, ergonomiczny uchwyt.<\/p>\n","protected":false},"featured_media":1197,"comment_status":"open","ping_status":"closed","template":"","meta":[],"product_brand":[],"product_cat":[37],"product_tag":[],"class_list":{"0":"post-1196","1":"product","2":"type-product","3":"status-publish","4":"has-post-thumbnail","6":"product_cat-narzedzia","8":"first","9":"outofstock","10":"taxable","11":"shipping-taxable","12":"purchasable","13":"product-type-simple"},"jetpack_sharing_enabled":true,"_links":{"self":[{"href":"https:\/\/bumart.pl\/index.php\/wp-json\/wp\/v2\/product\/1196","targetHints":{"allow":["GET"]}}],"collection":[{"href":"https:\/\/bumart.pl\/index.php\/wp-json\/wp\/v2\/product"}],"about":[{"href":"https:\/\/bumart.pl\/index.php\/wp-json\/wp\/v2\/types\/product"}],"replies":[{"embeddable":true,"href":"https:\/\/bumart.pl\/index.php\/wp-json\/wp\/v2\/comments?post=1196"}],"wp:featuredmedia":[{"embeddable":true,"href":"https:\/\/bumart.pl\/index.php\/wp-json\/wp\/v2\/media\/1197"}],"wp:attachment":[{"href":"https:\/\/bumart.pl\/index.php\/wp-json\/wp\/v2\/media?parent=1196"}],"wp:term":[{"taxonomy":"product_brand","embeddable":true,"href":"https:\/\/bumart.pl\/index.php\/wp-json\/wp\/v2\/product_brand?post=1196"},{"taxonomy":"product_cat","embeddable":true,"href":"https:\/\/bumart.pl\/index.php\/wp-json\/wp\/v2\/product_cat?post=1196"},{"taxonomy":"product_tag","embeddable":true,"href":"https:\/\/bumart.pl\/index.php\/wp-json\/wp\/v2\/product_tag?post=1196"}],"curies":[{"name":"wp","href":"https:\/\/api.w.org\/{rel}","templated":true}]}}