{"id":1248,"date":"2025-12-12T13:07:57","date_gmt":"2025-12-12T13:07:57","guid":{"rendered":"https:\/\/bumart.pl\/index.php\/product\/worki-budowlane-na-gruz-czarne-120l-10szt\/"},"modified":"2026-04-11T14:46:58","modified_gmt":"2026-04-11T14:46:58","slug":"worki-budowlane-na-gruz-czarne-120l-10szt","status":"publish","type":"product","link":"https:\/\/bumart.pl\/index.php\/product\/worki-budowlane-na-gruz-czarne-120l-10szt\/","title":{"rendered":"Worki budowlane na gruz czarne 120L (10szt.)"},"content":{"rendered":"","protected":false},"excerpt":{"rendered":"<p>Mocne worki budowlane na gruz s\u0105 bardzo popularne zar\u00f3wno do zastosowa\u0144 prywatnych, jak i w firmach, gdzie wykorzystuje si\u0119 do gromadzenia odpad\u00f3w przemys\u0142owych i poremontowych.<\/p>\n","protected":false},"featured_media":1249,"comment_status":"open","ping_status":"closed","template":"","meta":[],"product_brand":[],"product_cat":[32],"product_tag":[],"class_list":{"0":"post-1248","1":"product","2":"type-product","3":"status-publish","4":"has-post-thumbnail","6":"product_cat-folie","8":"first","9":"instock","10":"taxable","11":"shipping-taxable","12":"purchasable","13":"product-type-simple"},"jetpack_sharing_enabled":true,"_links":{"self":[{"href":"https:\/\/bumart.pl\/index.php\/wp-json\/wp\/v2\/product\/1248","targetHints":{"allow":["GET"]}}],"collection":[{"href":"https:\/\/bumart.pl\/index.php\/wp-json\/wp\/v2\/product"}],"about":[{"href":"https:\/\/bumart.pl\/index.php\/wp-json\/wp\/v2\/types\/product"}],"replies":[{"embeddable":true,"href":"https:\/\/bumart.pl\/index.php\/wp-json\/wp\/v2\/comments?post=1248"}],"wp:featuredmedia":[{"embeddable":true,"href":"https:\/\/bumart.pl\/index.php\/wp-json\/wp\/v2\/media\/1249"}],"wp:attachment":[{"href":"https:\/\/bumart.pl\/index.php\/wp-json\/wp\/v2\/media?parent=1248"}],"wp:term":[{"taxonomy":"product_brand","embeddable":true,"href":"https:\/\/bumart.pl\/index.php\/wp-json\/wp\/v2\/product_brand?post=1248"},{"taxonomy":"product_cat","embeddable":true,"href":"https:\/\/bumart.pl\/index.php\/wp-json\/wp\/v2\/product_cat?post=1248"},{"taxonomy":"product_tag","embeddable":true,"href":"https:\/\/bumart.pl\/index.php\/wp-json\/wp\/v2\/product_tag?post=1248"}],"curies":[{"name":"wp","href":"https:\/\/api.w.org\/{rel}","templated":true}]}}