{"id":1504,"date":"2025-12-12T13:11:15","date_gmt":"2025-12-12T13:11:15","guid":{"rendered":"https:\/\/bumart.pl\/index.php\/product\/suwmiarka-150mm-geko\/"},"modified":"2026-04-09T14:46:56","modified_gmt":"2026-04-09T14:46:56","slug":"suwmiarka-150mm-geko","status":"publish","type":"product","link":"https:\/\/bumart.pl\/index.php\/product\/suwmiarka-150mm-geko\/","title":{"rendered":"Suwmiarka 150mm     GEKO"},"content":{"rendered":"","protected":false},"excerpt":{"rendered":"<p>Suwmiarka analogowa dwuszcz\u0119kowa.<br \/>\nSuwmiarka o d\u0142ugo\u015bci pomiarowej 150 mm. Doskonale sprawdzi si\u0119 w przemy\u015ble, podczas obr\u00f3bki metali, drewna itp.<\/p>\n","protected":false},"featured_media":1505,"comment_status":"open","ping_status":"closed","template":"","meta":[],"product_brand":[],"product_cat":[37],"product_tag":[],"class_list":{"0":"post-1504","1":"product","2":"type-product","3":"status-publish","4":"has-post-thumbnail","6":"product_cat-narzedzia","8":"first","9":"instock","10":"taxable","11":"shipping-taxable","12":"purchasable","13":"product-type-simple"},"jetpack_sharing_enabled":true,"_links":{"self":[{"href":"https:\/\/bumart.pl\/index.php\/wp-json\/wp\/v2\/product\/1504","targetHints":{"allow":["GET"]}}],"collection":[{"href":"https:\/\/bumart.pl\/index.php\/wp-json\/wp\/v2\/product"}],"about":[{"href":"https:\/\/bumart.pl\/index.php\/wp-json\/wp\/v2\/types\/product"}],"replies":[{"embeddable":true,"href":"https:\/\/bumart.pl\/index.php\/wp-json\/wp\/v2\/comments?post=1504"}],"wp:featuredmedia":[{"embeddable":true,"href":"https:\/\/bumart.pl\/index.php\/wp-json\/wp\/v2\/media\/1505"}],"wp:attachment":[{"href":"https:\/\/bumart.pl\/index.php\/wp-json\/wp\/v2\/media?parent=1504"}],"wp:term":[{"taxonomy":"product_brand","embeddable":true,"href":"https:\/\/bumart.pl\/index.php\/wp-json\/wp\/v2\/product_brand?post=1504"},{"taxonomy":"product_cat","embeddable":true,"href":"https:\/\/bumart.pl\/index.php\/wp-json\/wp\/v2\/product_cat?post=1504"},{"taxonomy":"product_tag","embeddable":true,"href":"https:\/\/bumart.pl\/index.php\/wp-json\/wp\/v2\/product_tag?post=1504"}],"curies":[{"name":"wp","href":"https:\/\/api.w.org\/{rel}","templated":true}]}}