{"id":1814,"date":"2025-12-12T13:15:43","date_gmt":"2025-12-12T13:15:43","guid":{"rendered":"https:\/\/bumart.pl\/index.php\/product\/mieszadlo-bx-01-05-135x600-m14-oc\/"},"modified":"2026-04-20T14:47:10","modified_gmt":"2026-04-20T14:47:10","slug":"mieszadlo-bx-01-05-135x600-m14-oc","status":"publish","type":"product","link":"https:\/\/bumart.pl\/index.php\/product\/mieszadlo-bx-01-05-135x600-m14-oc\/","title":{"rendered":"Mieszad\u0142o BX-01-05 135&#215;600 M14  OC"},"content":{"rendered":"","protected":false},"excerpt":{"rendered":"<p>Mieszad\u0142o wykonane z hartowanej stali, dodatkowo ocynkowane. Mieszad\u0142o spiralne, napowietrzaj\u0105ce, podw\u00f3jne, do ci\u0119\u017ckich i g\u0119stych materia\u0142\u00f3w.<\/p>\n","protected":false},"featured_media":1815,"comment_status":"open","ping_status":"closed","template":"","meta":[],"product_brand":[],"product_cat":[37],"product_tag":[],"class_list":{"0":"post-1814","1":"product","2":"type-product","3":"status-publish","4":"has-post-thumbnail","6":"product_cat-narzedzia","8":"first","9":"outofstock","10":"taxable","11":"shipping-taxable","12":"purchasable","13":"product-type-simple"},"jetpack_sharing_enabled":true,"_links":{"self":[{"href":"https:\/\/bumart.pl\/index.php\/wp-json\/wp\/v2\/product\/1814","targetHints":{"allow":["GET"]}}],"collection":[{"href":"https:\/\/bumart.pl\/index.php\/wp-json\/wp\/v2\/product"}],"about":[{"href":"https:\/\/bumart.pl\/index.php\/wp-json\/wp\/v2\/types\/product"}],"replies":[{"embeddable":true,"href":"https:\/\/bumart.pl\/index.php\/wp-json\/wp\/v2\/comments?post=1814"}],"wp:featuredmedia":[{"embeddable":true,"href":"https:\/\/bumart.pl\/index.php\/wp-json\/wp\/v2\/media\/1815"}],"wp:attachment":[{"href":"https:\/\/bumart.pl\/index.php\/wp-json\/wp\/v2\/media?parent=1814"}],"wp:term":[{"taxonomy":"product_brand","embeddable":true,"href":"https:\/\/bumart.pl\/index.php\/wp-json\/wp\/v2\/product_brand?post=1814"},{"taxonomy":"product_cat","embeddable":true,"href":"https:\/\/bumart.pl\/index.php\/wp-json\/wp\/v2\/product_cat?post=1814"},{"taxonomy":"product_tag","embeddable":true,"href":"https:\/\/bumart.pl\/index.php\/wp-json\/wp\/v2\/product_tag?post=1814"}],"curies":[{"name":"wp","href":"https:\/\/api.w.org\/{rel}","templated":true}]}}