{"id":1850,"date":"2025-12-12T13:16:10","date_gmt":"2025-12-12T13:16:10","guid":{"rendered":"https:\/\/bumart.pl\/index.php\/product\/tektura-malarska-gladka-1x15m\/"},"modified":"2026-04-09T14:47:00","modified_gmt":"2026-04-09T14:47:00","slug":"tektura-malarska-gladka-1x15m","status":"publish","type":"product","link":"https:\/\/bumart.pl\/index.php\/product\/tektura-malarska-gladka-1x15m\/","title":{"rendered":"Tektura malarska-g\u0142adka 1x15m"},"content":{"rendered":"","protected":false},"excerpt":{"rendered":"<p>Tektura wzmocniona w\u0142\u00f3knami tekstylnymi. Zapobiega uszkodzeniom pod\u0142\u00f3g i pod\u0142\u00f3g podczas prac malarskich i budowlanych. Chroni meble podczas przenoszenia. Mo\u017ce by\u0107 stosowany jako materia\u0142 wyg\u0142uszaj\u0105cy i t\u0142umi\u0105cy drgania pod panelami.<\/p>\n","protected":false},"featured_media":1851,"comment_status":"open","ping_status":"closed","template":"","meta":[],"product_brand":[],"product_cat":[32],"product_tag":[],"class_list":{"0":"post-1850","1":"product","2":"type-product","3":"status-publish","4":"has-post-thumbnail","6":"product_cat-folie","8":"first","9":"instock","10":"taxable","11":"shipping-taxable","12":"purchasable","13":"product-type-simple"},"jetpack_sharing_enabled":true,"_links":{"self":[{"href":"https:\/\/bumart.pl\/index.php\/wp-json\/wp\/v2\/product\/1850","targetHints":{"allow":["GET"]}}],"collection":[{"href":"https:\/\/bumart.pl\/index.php\/wp-json\/wp\/v2\/product"}],"about":[{"href":"https:\/\/bumart.pl\/index.php\/wp-json\/wp\/v2\/types\/product"}],"replies":[{"embeddable":true,"href":"https:\/\/bumart.pl\/index.php\/wp-json\/wp\/v2\/comments?post=1850"}],"wp:featuredmedia":[{"embeddable":true,"href":"https:\/\/bumart.pl\/index.php\/wp-json\/wp\/v2\/media\/1851"}],"wp:attachment":[{"href":"https:\/\/bumart.pl\/index.php\/wp-json\/wp\/v2\/media?parent=1850"}],"wp:term":[{"taxonomy":"product_brand","embeddable":true,"href":"https:\/\/bumart.pl\/index.php\/wp-json\/wp\/v2\/product_brand?post=1850"},{"taxonomy":"product_cat","embeddable":true,"href":"https:\/\/bumart.pl\/index.php\/wp-json\/wp\/v2\/product_cat?post=1850"},{"taxonomy":"product_tag","embeddable":true,"href":"https:\/\/bumart.pl\/index.php\/wp-json\/wp\/v2\/product_tag?post=1850"}],"curies":[{"name":"wp","href":"https:\/\/api.w.org\/{rel}","templated":true}]}}