{"id":1882,"date":"2025-12-12T13:16:34","date_gmt":"2025-12-12T13:16:34","guid":{"rendered":"https:\/\/bumart.pl\/index.php\/product\/styropian-lambda-32-10cm-grafitowy-032-arbet\/"},"modified":"2026-04-10T10:47:02","modified_gmt":"2026-04-10T10:47:02","slug":"styropian-lambda-32-10cm-grafitowy-032-arbet","status":"publish","type":"product","link":"https:\/\/bumart.pl\/index.php\/product\/styropian-lambda-32-10cm-grafitowy-032-arbet\/","title":{"rendered":"Styropian LAMBDA 32\/10cm grafitowy 032 ARBET"},"content":{"rendered":"","protected":false},"excerpt":{"rendered":"<p>Grafitowy styropian elewacyjny dzi\u0119ki zawarto\u015bci grafitu, charakteryzuje si\u0119 ciemniejszym kolorem i lepszymi w\u0142a\u015bciwo\u015bciami izolacyjnymi. Przeznaczony do budownictwa energooszcz\u0119dnego i pasywnego, ze wsp\u00f3\u0142czynnikiem przewodzenia ciep\u0142a 0,032. Cena za kubik<\/p>\n","protected":false},"featured_media":1883,"comment_status":"open","ping_status":"closed","template":"","meta":[],"product_brand":[],"product_cat":[39],"product_tag":[],"class_list":{"0":"post-1882","1":"product","2":"type-product","3":"status-publish","4":"has-post-thumbnail","6":"product_cat-ocieplenie","8":"first","9":"outofstock","10":"taxable","11":"shipping-taxable","12":"purchasable","13":"product-type-simple"},"jetpack_sharing_enabled":true,"_links":{"self":[{"href":"https:\/\/bumart.pl\/index.php\/wp-json\/wp\/v2\/product\/1882","targetHints":{"allow":["GET"]}}],"collection":[{"href":"https:\/\/bumart.pl\/index.php\/wp-json\/wp\/v2\/product"}],"about":[{"href":"https:\/\/bumart.pl\/index.php\/wp-json\/wp\/v2\/types\/product"}],"replies":[{"embeddable":true,"href":"https:\/\/bumart.pl\/index.php\/wp-json\/wp\/v2\/comments?post=1882"}],"wp:featuredmedia":[{"embeddable":true,"href":"https:\/\/bumart.pl\/index.php\/wp-json\/wp\/v2\/media\/1883"}],"wp:attachment":[{"href":"https:\/\/bumart.pl\/index.php\/wp-json\/wp\/v2\/media?parent=1882"}],"wp:term":[{"taxonomy":"product_brand","embeddable":true,"href":"https:\/\/bumart.pl\/index.php\/wp-json\/wp\/v2\/product_brand?post=1882"},{"taxonomy":"product_cat","embeddable":true,"href":"https:\/\/bumart.pl\/index.php\/wp-json\/wp\/v2\/product_cat?post=1882"},{"taxonomy":"product_tag","embeddable":true,"href":"https:\/\/bumart.pl\/index.php\/wp-json\/wp\/v2\/product_tag?post=1882"}],"curies":[{"name":"wp","href":"https:\/\/api.w.org\/{rel}","templated":true}]}}