{"id":2051,"date":"2025-12-12T13:18:38","date_gmt":"2025-12-12T13:18:38","guid":{"rendered":"https:\/\/bumart.pl\/index.php\/product\/wkrety-samowiercace-3-9x11-1000\/"},"modified":"2026-04-09T14:47:02","modified_gmt":"2026-04-09T14:47:02","slug":"wkrety-samowiercace-3-9x11-1000","status":"publish","type":"product","link":"https:\/\/bumart.pl\/index.php\/product\/wkrety-samowiercace-3-9x11-1000\/","title":{"rendered":"Wkr\u0119ty samowierc\u0105ce 3.9&#215;11 (1000)"},"content":{"rendered":"","protected":false},"excerpt":{"rendered":"<p>Wkr\u0119t samowierc\u0105cy zaprojektowany do szybkiego i efektywnego monta\u017cu. Idealny do prac w budownictwie, zapewnia doskona\u0142\u0105 przyczepno\u015b\u0107 do r\u00f3\u017cnych materia\u0142\u00f3w budowlanych, takich jak p\u0142yty G-K, drewno czy metal. <\/p>\n","protected":false},"featured_media":2052,"comment_status":"open","ping_status":"closed","template":"","meta":[],"product_brand":[],"product_cat":[45],"product_tag":[],"class_list":{"0":"post-2051","1":"product","2":"type-product","3":"status-publish","4":"has-post-thumbnail","6":"product_cat-systemy-zamocowan","8":"first","9":"instock","10":"taxable","11":"shipping-taxable","12":"purchasable","13":"product-type-simple"},"jetpack_sharing_enabled":true,"_links":{"self":[{"href":"https:\/\/bumart.pl\/index.php\/wp-json\/wp\/v2\/product\/2051","targetHints":{"allow":["GET"]}}],"collection":[{"href":"https:\/\/bumart.pl\/index.php\/wp-json\/wp\/v2\/product"}],"about":[{"href":"https:\/\/bumart.pl\/index.php\/wp-json\/wp\/v2\/types\/product"}],"replies":[{"embeddable":true,"href":"https:\/\/bumart.pl\/index.php\/wp-json\/wp\/v2\/comments?post=2051"}],"wp:featuredmedia":[{"embeddable":true,"href":"https:\/\/bumart.pl\/index.php\/wp-json\/wp\/v2\/media\/2052"}],"wp:attachment":[{"href":"https:\/\/bumart.pl\/index.php\/wp-json\/wp\/v2\/media?parent=2051"}],"wp:term":[{"taxonomy":"product_brand","embeddable":true,"href":"https:\/\/bumart.pl\/index.php\/wp-json\/wp\/v2\/product_brand?post=2051"},{"taxonomy":"product_cat","embeddable":true,"href":"https:\/\/bumart.pl\/index.php\/wp-json\/wp\/v2\/product_cat?post=2051"},{"taxonomy":"product_tag","embeddable":true,"href":"https:\/\/bumart.pl\/index.php\/wp-json\/wp\/v2\/product_tag?post=2051"}],"curies":[{"name":"wp","href":"https:\/\/api.w.org\/{rel}","templated":true}]}}