{"id":2065,"date":"2025-12-12T13:18:50","date_gmt":"2025-12-12T13:18:50","guid":{"rendered":"https:\/\/bumart.pl\/index.php\/product\/latarka-akumulat-led-1-4-ze-swiatlem-bocznym-2-5\/"},"modified":"2026-04-11T14:47:06","modified_gmt":"2026-04-11T14:47:06","slug":"latarka-akumulat-led-1-4-ze-swiatlem-bocznym-2-5","status":"publish","type":"product","link":"https:\/\/bumart.pl\/index.php\/product\/latarka-akumulat-led-1-4-ze-swiatlem-bocznym-2-5\/","title":{"rendered":"Latarka akumulat. LED 1.4 ze swiat\u0142em bocznym 2.5"},"content":{"rendered":"","protected":false},"excerpt":{"rendered":"<p>Wymiary latarki: d\u0142ugo\u015b\u0107: 18cm, szeroko\u015b\u0107: 5,5cm, \u015brednica g\u0142owicy: 7cm<br \/>\nCzas \u0142adowania max. 8h<br \/>\nCzas pracy max. 2,5h<br \/>\nMOC 1,4W prz\u00f3d \/ 2,5W 24SMD \u015bwiat\u0142o boczne<br \/>\nZasi\u0119g 200 m<\/p>\n","protected":false},"featured_media":2066,"comment_status":"open","ping_status":"closed","template":"","meta":[],"product_brand":[],"product_cat":[34],"product_tag":[],"class_list":{"0":"post-2065","1":"product","2":"type-product","3":"status-publish","4":"has-post-thumbnail","6":"product_cat-instalacje-elektryczne","8":"first","9":"outofstock","10":"taxable","11":"shipping-taxable","12":"purchasable","13":"product-type-simple"},"jetpack_sharing_enabled":true,"_links":{"self":[{"href":"https:\/\/bumart.pl\/index.php\/wp-json\/wp\/v2\/product\/2065","targetHints":{"allow":["GET"]}}],"collection":[{"href":"https:\/\/bumart.pl\/index.php\/wp-json\/wp\/v2\/product"}],"about":[{"href":"https:\/\/bumart.pl\/index.php\/wp-json\/wp\/v2\/types\/product"}],"replies":[{"embeddable":true,"href":"https:\/\/bumart.pl\/index.php\/wp-json\/wp\/v2\/comments?post=2065"}],"wp:featuredmedia":[{"embeddable":true,"href":"https:\/\/bumart.pl\/index.php\/wp-json\/wp\/v2\/media\/2066"}],"wp:attachment":[{"href":"https:\/\/bumart.pl\/index.php\/wp-json\/wp\/v2\/media?parent=2065"}],"wp:term":[{"taxonomy":"product_brand","embeddable":true,"href":"https:\/\/bumart.pl\/index.php\/wp-json\/wp\/v2\/product_brand?post=2065"},{"taxonomy":"product_cat","embeddable":true,"href":"https:\/\/bumart.pl\/index.php\/wp-json\/wp\/v2\/product_cat?post=2065"},{"taxonomy":"product_tag","embeddable":true,"href":"https:\/\/bumart.pl\/index.php\/wp-json\/wp\/v2\/product_tag?post=2065"}],"curies":[{"name":"wp","href":"https:\/\/api.w.org\/{rel}","templated":true}]}}