{"id":21309,"date":"2026-02-25T16:07:22","date_gmt":"2026-02-25T16:07:22","guid":{"rendered":"https:\/\/bumart.pl\/index.php\/product\/farba-magnat-kolorlove-25-delikatna-mieta-kl23-2\/"},"modified":"2026-02-25T16:07:23","modified_gmt":"2026-02-25T16:07:23","slug":"farba-magnat-kolorlove-25-delikatna-mieta-kl23-2","status":"publish","type":"product","link":"https:\/\/bumart.pl\/index.php\/product\/farba-magnat-kolorlove-25-delikatna-mieta-kl23-2\/","title":{"rendered":"Farba Magnat KolorLove 2,5 Delikatna mi\u0119ta KL23"},"content":{"rendered":"","protected":false},"excerpt":{"rendered":"<p>Farba lateksowa o wysokiej jako\u015bci, stworzona z my\u015bl\u0105 o malowaniu \u015bcian i sufit\u00f3w wewn\u0105trz pomieszcze\u0144. Jej matowe wyko\u0144czenie i odporno\u015b\u0107 na plamy, szorowanie oraz wielokrotne zmywanie sprawiaj\u0105, \u017ce idealnie nadaje si\u0119 do r\u00f3\u017cnych pomieszcze\u0144 domu. 14m2\/L<\/p>\n","protected":false},"featured_media":21310,"comment_status":"open","ping_status":"closed","template":"","meta":[],"product_brand":[],"product_cat":[31],"product_tag":[],"class_list":{"0":"post-21309","1":"product","2":"type-product","3":"status-publish","4":"has-post-thumbnail","6":"product_cat-farby-tynki","8":"first","9":"instock","10":"taxable","11":"shipping-taxable","12":"purchasable","13":"product-type-simple"},"jetpack_sharing_enabled":true,"_links":{"self":[{"href":"https:\/\/bumart.pl\/index.php\/wp-json\/wp\/v2\/product\/21309","targetHints":{"allow":["GET"]}}],"collection":[{"href":"https:\/\/bumart.pl\/index.php\/wp-json\/wp\/v2\/product"}],"about":[{"href":"https:\/\/bumart.pl\/index.php\/wp-json\/wp\/v2\/types\/product"}],"replies":[{"embeddable":true,"href":"https:\/\/bumart.pl\/index.php\/wp-json\/wp\/v2\/comments?post=21309"}],"wp:featuredmedia":[{"embeddable":true,"href":"https:\/\/bumart.pl\/index.php\/wp-json\/wp\/v2\/media\/21310"}],"wp:attachment":[{"href":"https:\/\/bumart.pl\/index.php\/wp-json\/wp\/v2\/media?parent=21309"}],"wp:term":[{"taxonomy":"product_brand","embeddable":true,"href":"https:\/\/bumart.pl\/index.php\/wp-json\/wp\/v2\/product_brand?post=21309"},{"taxonomy":"product_cat","embeddable":true,"href":"https:\/\/bumart.pl\/index.php\/wp-json\/wp\/v2\/product_cat?post=21309"},{"taxonomy":"product_tag","embeddable":true,"href":"https:\/\/bumart.pl\/index.php\/wp-json\/wp\/v2\/product_tag?post=21309"}],"curies":[{"name":"wp","href":"https:\/\/api.w.org\/{rel}","templated":true}]}}