{"id":21353,"date":"2026-02-25T16:08:12","date_gmt":"2026-02-25T16:08:12","guid":{"rendered":"https:\/\/bumart.pl\/index.php\/product\/farba-magnat-kolorlove-25-kawa-z-mlekiem-kl38-2\/"},"modified":"2026-02-25T16:08:13","modified_gmt":"2026-02-25T16:08:13","slug":"farba-magnat-kolorlove-25-kawa-z-mlekiem-kl38-2","status":"publish","type":"product","link":"https:\/\/bumart.pl\/index.php\/product\/farba-magnat-kolorlove-25-kawa-z-mlekiem-kl38-2\/","title":{"rendered":"Farba Magnat KolorLove 2,5 Kawa z mlekiem KL38"},"content":{"rendered":"","protected":false},"excerpt":{"rendered":"<p>Farba lateksowa o wysokiej jako\u015bci, stworzona z my\u015bl\u0105 o malowaniu \u015bcian i sufit\u00f3w wewn\u0105trz pomieszcze\u0144. Jej matowe wyko\u0144czenie i odporno\u015b\u0107 na plamy, szorowanie oraz wielokrotne zmywanie sprawiaj\u0105, \u017ce idealnie nadaje si\u0119 do r\u00f3\u017cnych pomieszcze\u0144 domu. 14m2\/L<\/p>\n","protected":false},"featured_media":21354,"comment_status":"open","ping_status":"closed","template":"","meta":[],"product_brand":[],"product_cat":[31],"product_tag":[],"class_list":{"0":"post-21353","1":"product","2":"type-product","3":"status-publish","4":"has-post-thumbnail","6":"product_cat-farby-tynki","8":"first","9":"instock","10":"taxable","11":"shipping-taxable","12":"purchasable","13":"product-type-simple"},"jetpack_sharing_enabled":true,"_links":{"self":[{"href":"https:\/\/bumart.pl\/index.php\/wp-json\/wp\/v2\/product\/21353","targetHints":{"allow":["GET"]}}],"collection":[{"href":"https:\/\/bumart.pl\/index.php\/wp-json\/wp\/v2\/product"}],"about":[{"href":"https:\/\/bumart.pl\/index.php\/wp-json\/wp\/v2\/types\/product"}],"replies":[{"embeddable":true,"href":"https:\/\/bumart.pl\/index.php\/wp-json\/wp\/v2\/comments?post=21353"}],"wp:featuredmedia":[{"embeddable":true,"href":"https:\/\/bumart.pl\/index.php\/wp-json\/wp\/v2\/media\/21354"}],"wp:attachment":[{"href":"https:\/\/bumart.pl\/index.php\/wp-json\/wp\/v2\/media?parent=21353"}],"wp:term":[{"taxonomy":"product_brand","embeddable":true,"href":"https:\/\/bumart.pl\/index.php\/wp-json\/wp\/v2\/product_brand?post=21353"},{"taxonomy":"product_cat","embeddable":true,"href":"https:\/\/bumart.pl\/index.php\/wp-json\/wp\/v2\/product_cat?post=21353"},{"taxonomy":"product_tag","embeddable":true,"href":"https:\/\/bumart.pl\/index.php\/wp-json\/wp\/v2\/product_tag?post=21353"}],"curies":[{"name":"wp","href":"https:\/\/api.w.org\/{rel}","templated":true}]}}