{"id":236,"date":"2025-12-12T12:54:23","date_gmt":"2025-12-12T12:54:23","guid":{"rendered":"https:\/\/bumart.pl\/index.php\/product\/naroznik-rynny-75-zewnetrzny-gamrat-braz\/"},"modified":"2026-04-11T14:46:42","modified_gmt":"2026-04-11T14:46:42","slug":"naroznik-rynny-75-zewnetrzny-gamrat-braz","status":"publish","type":"product","link":"https:\/\/bumart.pl\/index.php\/product\/naroznik-rynny-75-zewnetrzny-gamrat-braz\/","title":{"rendered":"Naro\u017cnik rynny 75 zewn\u0119trzny Gamrat  br\u0105z"},"content":{"rendered":"","protected":false},"excerpt":{"rendered":"<p>Naro\u017cnik zewn\u0119trzny s\u0142u\u017cy do po\u0142\u0105czenia rynien PVC o \u015brednicy 75mm. <\/p>\n","protected":false},"featured_media":237,"comment_status":"open","ping_status":"closed","template":"","meta":[],"product_brand":[],"product_cat":[42],"product_tag":[],"class_list":{"0":"post-236","1":"product","2":"type-product","3":"status-publish","4":"has-post-thumbnail","6":"product_cat-pokrycia-dachowe","8":"first","9":"instock","10":"taxable","11":"shipping-taxable","12":"purchasable","13":"product-type-simple"},"jetpack_sharing_enabled":true,"_links":{"self":[{"href":"https:\/\/bumart.pl\/index.php\/wp-json\/wp\/v2\/product\/236","targetHints":{"allow":["GET"]}}],"collection":[{"href":"https:\/\/bumart.pl\/index.php\/wp-json\/wp\/v2\/product"}],"about":[{"href":"https:\/\/bumart.pl\/index.php\/wp-json\/wp\/v2\/types\/product"}],"replies":[{"embeddable":true,"href":"https:\/\/bumart.pl\/index.php\/wp-json\/wp\/v2\/comments?post=236"}],"wp:featuredmedia":[{"embeddable":true,"href":"https:\/\/bumart.pl\/index.php\/wp-json\/wp\/v2\/media\/237"}],"wp:attachment":[{"href":"https:\/\/bumart.pl\/index.php\/wp-json\/wp\/v2\/media?parent=236"}],"wp:term":[{"taxonomy":"product_brand","embeddable":true,"href":"https:\/\/bumart.pl\/index.php\/wp-json\/wp\/v2\/product_brand?post=236"},{"taxonomy":"product_cat","embeddable":true,"href":"https:\/\/bumart.pl\/index.php\/wp-json\/wp\/v2\/product_cat?post=236"},{"taxonomy":"product_tag","embeddable":true,"href":"https:\/\/bumart.pl\/index.php\/wp-json\/wp\/v2\/product_tag?post=236"}],"curies":[{"name":"wp","href":"https:\/\/api.w.org\/{rel}","templated":true}]}}