{"id":242,"date":"2025-12-12T12:54:28","date_gmt":"2025-12-12T12:54:28","guid":{"rendered":"https:\/\/bumart.pl\/index.php\/product\/papa-nawierzchniowa-wv-64-15m2-matizol-solid\/"},"modified":"2026-04-11T14:46:42","modified_gmt":"2026-04-11T14:46:42","slug":"papa-nawierzchniowa-wv-64-15m2-matizol-solid","status":"publish","type":"product","link":"https:\/\/bumart.pl\/index.php\/product\/papa-nawierzchniowa-wv-64-15m2-matizol-solid\/","title":{"rendered":"Papa nawierzchniowa  WV\/64 15m2 MATIZOL SOLID"},"content":{"rendered":"","protected":false},"excerpt":{"rendered":"<p>Papa nawierzchniowa na bazie asfaltu oksydowanego, wykonana na osnowie welonu szklanego. Stosowana jako wierzchnia warstwa w wielowarstwowych pokryciach dachowych. Wierzchnia strona pokryta gruboziarnist\u0105 posypk\u0105 mineraln\u0105, spodnia strona drobnoziarnist\u0105.<\/p>\n","protected":false},"featured_media":243,"comment_status":"open","ping_status":"closed","template":"","meta":[],"product_brand":[],"product_cat":[42],"product_tag":[],"class_list":{"0":"post-242","1":"product","2":"type-product","3":"status-publish","4":"has-post-thumbnail","6":"product_cat-pokrycia-dachowe","8":"first","9":"instock","10":"taxable","11":"shipping-taxable","12":"purchasable","13":"product-type-simple"},"jetpack_sharing_enabled":true,"_links":{"self":[{"href":"https:\/\/bumart.pl\/index.php\/wp-json\/wp\/v2\/product\/242","targetHints":{"allow":["GET"]}}],"collection":[{"href":"https:\/\/bumart.pl\/index.php\/wp-json\/wp\/v2\/product"}],"about":[{"href":"https:\/\/bumart.pl\/index.php\/wp-json\/wp\/v2\/types\/product"}],"replies":[{"embeddable":true,"href":"https:\/\/bumart.pl\/index.php\/wp-json\/wp\/v2\/comments?post=242"}],"wp:featuredmedia":[{"embeddable":true,"href":"https:\/\/bumart.pl\/index.php\/wp-json\/wp\/v2\/media\/243"}],"wp:attachment":[{"href":"https:\/\/bumart.pl\/index.php\/wp-json\/wp\/v2\/media?parent=242"}],"wp:term":[{"taxonomy":"product_brand","embeddable":true,"href":"https:\/\/bumart.pl\/index.php\/wp-json\/wp\/v2\/product_brand?post=242"},{"taxonomy":"product_cat","embeddable":true,"href":"https:\/\/bumart.pl\/index.php\/wp-json\/wp\/v2\/product_cat?post=242"},{"taxonomy":"product_tag","embeddable":true,"href":"https:\/\/bumart.pl\/index.php\/wp-json\/wp\/v2\/product_tag?post=242"}],"curies":[{"name":"wp","href":"https:\/\/api.w.org\/{rel}","templated":true}]}}