{"id":24686,"date":"2026-02-25T16:57:48","date_gmt":"2026-02-25T16:57:48","guid":{"rendered":"https:\/\/bumart.pl\/index.php\/product\/rafil-farba-chlorokauczuk-075-szary-plandek-r7010-2\/"},"modified":"2026-02-25T16:57:49","modified_gmt":"2026-02-25T16:57:49","slug":"rafil-farba-chlorokauczuk-075-szary-plandek-r7010-2","status":"publish","type":"product","link":"https:\/\/bumart.pl\/index.php\/product\/rafil-farba-chlorokauczuk-075-szary-plandek-r7010-2\/","title":{"rendered":"Rafil farba chlorokauczuk 0,75 szary plandek R7010"},"content":{"rendered":"","protected":false},"excerpt":{"rendered":"<p>Przeznaczona do ochronnego malowania element\u00f3w stalowych i \u017celiwnych u\u017cytkowanych na zewn\u0105trz pomieszcze\u0144, konstrukcji budowlanych, ogrodze\u0144, balustrad, urz\u0105dze\u0144 mechanicznych. Mo\u017ce by\u0107 te\u017c wykorzystywana do dekoracyjnego malowania pod\u0142o\u017cy betonowych.<\/p>\n","protected":false},"featured_media":24687,"comment_status":"open","ping_status":"closed","template":"","meta":[],"product_brand":[],"product_cat":[31],"product_tag":[],"class_list":{"0":"post-24686","1":"product","2":"type-product","3":"status-publish","4":"has-post-thumbnail","6":"product_cat-farby-tynki","8":"first","9":"instock","10":"taxable","11":"shipping-taxable","12":"purchasable","13":"product-type-simple"},"jetpack_sharing_enabled":true,"_links":{"self":[{"href":"https:\/\/bumart.pl\/index.php\/wp-json\/wp\/v2\/product\/24686","targetHints":{"allow":["GET"]}}],"collection":[{"href":"https:\/\/bumart.pl\/index.php\/wp-json\/wp\/v2\/product"}],"about":[{"href":"https:\/\/bumart.pl\/index.php\/wp-json\/wp\/v2\/types\/product"}],"replies":[{"embeddable":true,"href":"https:\/\/bumart.pl\/index.php\/wp-json\/wp\/v2\/comments?post=24686"}],"wp:featuredmedia":[{"embeddable":true,"href":"https:\/\/bumart.pl\/index.php\/wp-json\/wp\/v2\/media\/24687"}],"wp:attachment":[{"href":"https:\/\/bumart.pl\/index.php\/wp-json\/wp\/v2\/media?parent=24686"}],"wp:term":[{"taxonomy":"product_brand","embeddable":true,"href":"https:\/\/bumart.pl\/index.php\/wp-json\/wp\/v2\/product_brand?post=24686"},{"taxonomy":"product_cat","embeddable":true,"href":"https:\/\/bumart.pl\/index.php\/wp-json\/wp\/v2\/product_cat?post=24686"},{"taxonomy":"product_tag","embeddable":true,"href":"https:\/\/bumart.pl\/index.php\/wp-json\/wp\/v2\/product_tag?post=24686"}],"curies":[{"name":"wp","href":"https:\/\/api.w.org\/{rel}","templated":true}]}}