{"id":25406,"date":"2026-02-25T17:08:03","date_gmt":"2026-02-25T17:08:03","guid":{"rendered":"https:\/\/bumart.pl\/index.php\/product\/tasma-do-mocowania-ladunkow-200kg-2-5mx25mm-2\/"},"modified":"2026-02-25T17:08:04","modified_gmt":"2026-02-25T17:08:04","slug":"tasma-do-mocowania-ladunkow-200kg-2-5mx25mm-2","status":"publish","type":"product","link":"https:\/\/bumart.pl\/index.php\/product\/tasma-do-mocowania-ladunkow-200kg-2-5mx25mm-2\/","title":{"rendered":"Ta\u015bma do mocowania \u0142adunk\u00f3w 200kg 2.5mx25mm"},"content":{"rendered":"","protected":false},"excerpt":{"rendered":"<p>Dwucz\u0119\u015bciowy pas tranposrtowy, wykonany ze splotu w\u0142\u00f3kien poliestrowych, pozwalaj\u0105cy na sprawne i pewne spinanie ze sob\u0105 r\u00f3\u017cnych przedmiot\u00f3w. Jest niezast\u0105piony podczas transportu ci\u0119\u017ckich przedmiot\u00f3w na pace samochod\u00f3w dostawczych.<\/p>\n","protected":false},"featured_media":25407,"comment_status":"open","ping_status":"closed","template":"","meta":[],"product_brand":[],"product_cat":[32],"product_tag":[],"class_list":{"0":"post-25406","1":"product","2":"type-product","3":"status-publish","4":"has-post-thumbnail","6":"product_cat-folie","8":"first","9":"outofstock","10":"taxable","11":"shipping-taxable","12":"purchasable","13":"product-type-simple"},"jetpack_sharing_enabled":true,"_links":{"self":[{"href":"https:\/\/bumart.pl\/index.php\/wp-json\/wp\/v2\/product\/25406","targetHints":{"allow":["GET"]}}],"collection":[{"href":"https:\/\/bumart.pl\/index.php\/wp-json\/wp\/v2\/product"}],"about":[{"href":"https:\/\/bumart.pl\/index.php\/wp-json\/wp\/v2\/types\/product"}],"replies":[{"embeddable":true,"href":"https:\/\/bumart.pl\/index.php\/wp-json\/wp\/v2\/comments?post=25406"}],"wp:featuredmedia":[{"embeddable":true,"href":"https:\/\/bumart.pl\/index.php\/wp-json\/wp\/v2\/media\/25407"}],"wp:attachment":[{"href":"https:\/\/bumart.pl\/index.php\/wp-json\/wp\/v2\/media?parent=25406"}],"wp:term":[{"taxonomy":"product_brand","embeddable":true,"href":"https:\/\/bumart.pl\/index.php\/wp-json\/wp\/v2\/product_brand?post=25406"},{"taxonomy":"product_cat","embeddable":true,"href":"https:\/\/bumart.pl\/index.php\/wp-json\/wp\/v2\/product_cat?post=25406"},{"taxonomy":"product_tag","embeddable":true,"href":"https:\/\/bumart.pl\/index.php\/wp-json\/wp\/v2\/product_tag?post=25406"}],"curies":[{"name":"wp","href":"https:\/\/api.w.org\/{rel}","templated":true}]}}