{"id":2633,"date":"2025-12-12T13:26:28","date_gmt":"2025-12-12T13:26:28","guid":{"rendered":"https:\/\/bumart.pl\/index.php\/product\/przedluzacz-3gn-5m-z-uziemieniem-wylacz-bialy\/"},"modified":"2026-04-11T14:47:19","modified_gmt":"2026-04-11T14:47:19","slug":"przedluzacz-3gn-5m-z-uziemieniem-wylacz-bialy","status":"publish","type":"product","link":"https:\/\/bumart.pl\/index.php\/product\/przedluzacz-3gn-5m-z-uziemieniem-wylacz-bialy\/","title":{"rendered":"Przed\u0142u\u017cacz 3GN 5m z uziemieniem + wy\u0142\u0105cz. bia\u0142y"},"content":{"rendered":"","protected":false},"excerpt":{"rendered":"<p>Przed\u0142u\u017cacz z wy\u0142\u0105cznikiem o d\u0142ugo\u015bci 5m z 3 gniazdami. Sprawdzi si\u0119 w domu, w biurze.<\/p>\n","protected":false},"featured_media":2634,"comment_status":"open","ping_status":"closed","template":"","meta":[],"product_brand":[],"product_cat":[34],"product_tag":[],"class_list":{"0":"post-2633","1":"product","2":"type-product","3":"status-publish","4":"has-post-thumbnail","6":"product_cat-instalacje-elektryczne","8":"first","9":"instock","10":"taxable","11":"shipping-taxable","12":"purchasable","13":"product-type-simple"},"jetpack_sharing_enabled":true,"_links":{"self":[{"href":"https:\/\/bumart.pl\/index.php\/wp-json\/wp\/v2\/product\/2633","targetHints":{"allow":["GET"]}}],"collection":[{"href":"https:\/\/bumart.pl\/index.php\/wp-json\/wp\/v2\/product"}],"about":[{"href":"https:\/\/bumart.pl\/index.php\/wp-json\/wp\/v2\/types\/product"}],"replies":[{"embeddable":true,"href":"https:\/\/bumart.pl\/index.php\/wp-json\/wp\/v2\/comments?post=2633"}],"wp:featuredmedia":[{"embeddable":true,"href":"https:\/\/bumart.pl\/index.php\/wp-json\/wp\/v2\/media\/2634"}],"wp:attachment":[{"href":"https:\/\/bumart.pl\/index.php\/wp-json\/wp\/v2\/media?parent=2633"}],"wp:term":[{"taxonomy":"product_brand","embeddable":true,"href":"https:\/\/bumart.pl\/index.php\/wp-json\/wp\/v2\/product_brand?post=2633"},{"taxonomy":"product_cat","embeddable":true,"href":"https:\/\/bumart.pl\/index.php\/wp-json\/wp\/v2\/product_cat?post=2633"},{"taxonomy":"product_tag","embeddable":true,"href":"https:\/\/bumart.pl\/index.php\/wp-json\/wp\/v2\/product_tag?post=2633"}],"curies":[{"name":"wp","href":"https:\/\/api.w.org\/{rel}","templated":true}]}}