{"id":2647,"date":"2025-12-12T13:26:43","date_gmt":"2025-12-12T13:26:43","guid":{"rendered":"https:\/\/bumart.pl\/index.php\/product\/przedluzacz-4gn-1-5mb-z-uziemieniem\/"},"modified":"2026-04-11T14:47:19","modified_gmt":"2026-04-11T14:47:19","slug":"przedluzacz-4gn-1-5mb-z-uziemieniem","status":"publish","type":"product","link":"https:\/\/bumart.pl\/index.php\/product\/przedluzacz-4gn-1-5mb-z-uziemieniem\/","title":{"rendered":"Przed\u0142u\u017cacz 4GN 1.5mb z uziemieniem"},"content":{"rendered":"","protected":false},"excerpt":{"rendered":"<p>Bia\u0142y przed\u0142u\u017cacz z kablem o d\u0142ugo\u015bci 1,5m. Model ten zosta\u0142 wyposa\u017cony w 4 gniazda sieciowe z uziemieniem oraz przes\u0142ony tor\u00f3w pr\u0105dowych.<\/p>\n","protected":false},"featured_media":2648,"comment_status":"open","ping_status":"closed","template":"","meta":[],"product_brand":[],"product_cat":[34],"product_tag":[],"class_list":{"0":"post-2647","1":"product","2":"type-product","3":"status-publish","4":"has-post-thumbnail","6":"product_cat-instalacje-elektryczne","8":"first","9":"instock","10":"taxable","11":"shipping-taxable","12":"purchasable","13":"product-type-simple"},"jetpack_sharing_enabled":true,"_links":{"self":[{"href":"https:\/\/bumart.pl\/index.php\/wp-json\/wp\/v2\/product\/2647","targetHints":{"allow":["GET"]}}],"collection":[{"href":"https:\/\/bumart.pl\/index.php\/wp-json\/wp\/v2\/product"}],"about":[{"href":"https:\/\/bumart.pl\/index.php\/wp-json\/wp\/v2\/types\/product"}],"replies":[{"embeddable":true,"href":"https:\/\/bumart.pl\/index.php\/wp-json\/wp\/v2\/comments?post=2647"}],"wp:featuredmedia":[{"embeddable":true,"href":"https:\/\/bumart.pl\/index.php\/wp-json\/wp\/v2\/media\/2648"}],"wp:attachment":[{"href":"https:\/\/bumart.pl\/index.php\/wp-json\/wp\/v2\/media?parent=2647"}],"wp:term":[{"taxonomy":"product_brand","embeddable":true,"href":"https:\/\/bumart.pl\/index.php\/wp-json\/wp\/v2\/product_brand?post=2647"},{"taxonomy":"product_cat","embeddable":true,"href":"https:\/\/bumart.pl\/index.php\/wp-json\/wp\/v2\/product_cat?post=2647"},{"taxonomy":"product_tag","embeddable":true,"href":"https:\/\/bumart.pl\/index.php\/wp-json\/wp\/v2\/product_tag?post=2647"}],"curies":[{"name":"wp","href":"https:\/\/api.w.org\/{rel}","templated":true}]}}