{"id":2694,"date":"2025-12-12T13:27:18","date_gmt":"2025-12-12T13:27:18","guid":{"rendered":"https:\/\/bumart.pl\/index.php\/product\/wiertlo-do-betonu-hammer-plus-drill-8x260\/"},"modified":"2026-04-11T14:47:20","modified_gmt":"2026-04-11T14:47:20","slug":"wiertlo-do-betonu-hammer-plus-drill-8x260","status":"publish","type":"product","link":"https:\/\/bumart.pl\/index.php\/product\/wiertlo-do-betonu-hammer-plus-drill-8x260\/","title":{"rendered":"Wiert\u0142o do betonu Hammer Plus Drill 8&#215;260"},"content":{"rendered":"","protected":false},"excerpt":{"rendered":"<p>4-ostrzowe geometria wiert\u0142a Hammer Plus Drill zapobiega blokowania si\u0119 narz\u0119dzia, gdy trafi na zbrojenie. Nowa progresywna linia spiralna zapewnia szybsze i dok\u0142adniejsze odprowadzenie urobku, a ponadto spowalnia zu\u017cycie wiert\u0142a.<\/p>\n","protected":false},"featured_media":2695,"comment_status":"open","ping_status":"closed","template":"","meta":[],"product_brand":[],"product_cat":[37],"product_tag":[],"class_list":{"0":"post-2694","1":"product","2":"type-product","3":"status-publish","4":"has-post-thumbnail","6":"product_cat-narzedzia","8":"first","9":"instock","10":"taxable","11":"shipping-taxable","12":"purchasable","13":"product-type-simple"},"jetpack_sharing_enabled":true,"_links":{"self":[{"href":"https:\/\/bumart.pl\/index.php\/wp-json\/wp\/v2\/product\/2694","targetHints":{"allow":["GET"]}}],"collection":[{"href":"https:\/\/bumart.pl\/index.php\/wp-json\/wp\/v2\/product"}],"about":[{"href":"https:\/\/bumart.pl\/index.php\/wp-json\/wp\/v2\/types\/product"}],"replies":[{"embeddable":true,"href":"https:\/\/bumart.pl\/index.php\/wp-json\/wp\/v2\/comments?post=2694"}],"wp:featuredmedia":[{"embeddable":true,"href":"https:\/\/bumart.pl\/index.php\/wp-json\/wp\/v2\/media\/2695"}],"wp:attachment":[{"href":"https:\/\/bumart.pl\/index.php\/wp-json\/wp\/v2\/media?parent=2694"}],"wp:term":[{"taxonomy":"product_brand","embeddable":true,"href":"https:\/\/bumart.pl\/index.php\/wp-json\/wp\/v2\/product_brand?post=2694"},{"taxonomy":"product_cat","embeddable":true,"href":"https:\/\/bumart.pl\/index.php\/wp-json\/wp\/v2\/product_cat?post=2694"},{"taxonomy":"product_tag","embeddable":true,"href":"https:\/\/bumart.pl\/index.php\/wp-json\/wp\/v2\/product_tag?post=2694"}],"curies":[{"name":"wp","href":"https:\/\/api.w.org\/{rel}","templated":true}]}}