{"id":276,"date":"2025-12-12T12:54:56","date_gmt":"2025-12-12T12:54:56","guid":{"rendered":"https:\/\/bumart.pl\/index.php\/product\/rewizja-rury-spustowej-110-gamrat-braz\/"},"modified":"2026-04-11T14:46:42","modified_gmt":"2026-04-11T14:46:42","slug":"rewizja-rury-spustowej-110-gamrat-braz","status":"publish","type":"product","link":"https:\/\/bumart.pl\/index.php\/product\/rewizja-rury-spustowej-110-gamrat-braz\/","title":{"rendered":"Rewizja rury spustowej 110 Gamrat  br\u0105z"},"content":{"rendered":"","protected":false},"excerpt":{"rendered":"<p>Rewizja rury spustowej jest elementem systemu rynnowego i s\u0142u\u017cy do odprowadzenia li\u015bci oraz innych zanieczyszcze\u0144, kt\u00f3re sp\u0142ywaj\u0105 wraz z wod\u0105 na zewn\u0105trz rury.<\/p>\n","protected":false},"featured_media":277,"comment_status":"open","ping_status":"closed","template":"","meta":[],"product_brand":[],"product_cat":[42],"product_tag":[],"class_list":{"0":"post-276","1":"product","2":"type-product","3":"status-publish","4":"has-post-thumbnail","6":"product_cat-pokrycia-dachowe","8":"first","9":"instock","10":"taxable","11":"shipping-taxable","12":"purchasable","13":"product-type-simple"},"jetpack_sharing_enabled":true,"_links":{"self":[{"href":"https:\/\/bumart.pl\/index.php\/wp-json\/wp\/v2\/product\/276","targetHints":{"allow":["GET"]}}],"collection":[{"href":"https:\/\/bumart.pl\/index.php\/wp-json\/wp\/v2\/product"}],"about":[{"href":"https:\/\/bumart.pl\/index.php\/wp-json\/wp\/v2\/types\/product"}],"replies":[{"embeddable":true,"href":"https:\/\/bumart.pl\/index.php\/wp-json\/wp\/v2\/comments?post=276"}],"wp:featuredmedia":[{"embeddable":true,"href":"https:\/\/bumart.pl\/index.php\/wp-json\/wp\/v2\/media\/277"}],"wp:attachment":[{"href":"https:\/\/bumart.pl\/index.php\/wp-json\/wp\/v2\/media?parent=276"}],"wp:term":[{"taxonomy":"product_brand","embeddable":true,"href":"https:\/\/bumart.pl\/index.php\/wp-json\/wp\/v2\/product_brand?post=276"},{"taxonomy":"product_cat","embeddable":true,"href":"https:\/\/bumart.pl\/index.php\/wp-json\/wp\/v2\/product_cat?post=276"},{"taxonomy":"product_tag","embeddable":true,"href":"https:\/\/bumart.pl\/index.php\/wp-json\/wp\/v2\/product_tag?post=276"}],"curies":[{"name":"wp","href":"https:\/\/api.w.org\/{rel}","templated":true}]}}