{"id":28723,"date":"2026-02-25T17:56:06","date_gmt":"2026-02-25T17:56:06","guid":{"rendered":"https:\/\/bumart.pl\/index.php\/product\/tablica-inform-teren-prywatny-zakaz-parkowania\/"},"modified":"2026-02-25T17:56:06","modified_gmt":"2026-02-25T17:56:06","slug":"tablica-inform-teren-prywatny-zakaz-parkowania","status":"publish","type":"product","link":"https:\/\/bumart.pl\/index.php\/product\/tablica-inform-teren-prywatny-zakaz-parkowania\/","title":{"rendered":"Tablica inform. &#8222;teren prywatny zakaz parkowania&#8221;"},"content":{"rendered":"","protected":false},"excerpt":{"rendered":"<p>Tablica informacyjna, wykonana wysokiej jako\u015bci materia\u0142u. Tablica zalecana do u\u017cywania w miejscach, w kt\u00f3rych wymagane jest poinformowanie na temat specjalnych warunk\u00f3w, zagro\u017ce\u0144 itp.<\/p>\n","protected":false},"featured_media":28724,"comment_status":"open","ping_status":"closed","template":"","meta":[],"product_brand":[],"product_cat":[37],"product_tag":[],"class_list":{"0":"post-28723","1":"product","2":"type-product","3":"status-publish","4":"has-post-thumbnail","6":"product_cat-narzedzia","8":"first","9":"instock","10":"taxable","11":"shipping-taxable","12":"purchasable","13":"product-type-simple"},"jetpack_sharing_enabled":true,"_links":{"self":[{"href":"https:\/\/bumart.pl\/index.php\/wp-json\/wp\/v2\/product\/28723","targetHints":{"allow":["GET"]}}],"collection":[{"href":"https:\/\/bumart.pl\/index.php\/wp-json\/wp\/v2\/product"}],"about":[{"href":"https:\/\/bumart.pl\/index.php\/wp-json\/wp\/v2\/types\/product"}],"replies":[{"embeddable":true,"href":"https:\/\/bumart.pl\/index.php\/wp-json\/wp\/v2\/comments?post=28723"}],"wp:featuredmedia":[{"embeddable":true,"href":"https:\/\/bumart.pl\/index.php\/wp-json\/wp\/v2\/media\/28724"}],"wp:attachment":[{"href":"https:\/\/bumart.pl\/index.php\/wp-json\/wp\/v2\/media?parent=28723"}],"wp:term":[{"taxonomy":"product_brand","embeddable":true,"href":"https:\/\/bumart.pl\/index.php\/wp-json\/wp\/v2\/product_brand?post=28723"},{"taxonomy":"product_cat","embeddable":true,"href":"https:\/\/bumart.pl\/index.php\/wp-json\/wp\/v2\/product_cat?post=28723"},{"taxonomy":"product_tag","embeddable":true,"href":"https:\/\/bumart.pl\/index.php\/wp-json\/wp\/v2\/product_tag?post=28723"}],"curies":[{"name":"wp","href":"https:\/\/api.w.org\/{rel}","templated":true}]}}