{"id":29281,"date":"2026-02-25T18:05:00","date_gmt":"2026-02-25T18:05:00","guid":{"rendered":"https:\/\/bumart.pl\/index.php\/product\/wieszak-kotwowy-350mm\/"},"modified":"2026-02-25T18:05:00","modified_gmt":"2026-02-25T18:05:00","slug":"wieszak-kotwowy-350mm","status":"publish","type":"product","link":"https:\/\/bumart.pl\/index.php\/product\/wieszak-kotwowy-350mm\/","title":{"rendered":"Wieszak kotwowy 350mm"},"content":{"rendered":"","protected":false},"excerpt":{"rendered":"<p>Wieszak do mocowania profili jest \u0142\u0105cznikiem pomi\u0119dzy krokwi\u0105 a profilem sufitowym CD. S\u0142u\u017cy do monta\u017cu oraz wypoziomowania profili CD 60 w poddaszach i konstrukcjach dachowych, do kt\u00f3rych mocowane s\u0105 ok\u0142adziny z p\u0142yt gipsowych.<\/p>\n","protected":false},"featured_media":29282,"comment_status":"open","ping_status":"closed","template":"","meta":[],"product_brand":[],"product_cat":[44],"product_tag":[],"class_list":{"0":"post-29281","1":"product","2":"type-product","3":"status-publish","4":"has-post-thumbnail","6":"product_cat-sucha-zabudowa","8":"first","9":"instock","10":"taxable","11":"shipping-taxable","12":"purchasable","13":"product-type-simple"},"jetpack_sharing_enabled":true,"_links":{"self":[{"href":"https:\/\/bumart.pl\/index.php\/wp-json\/wp\/v2\/product\/29281","targetHints":{"allow":["GET"]}}],"collection":[{"href":"https:\/\/bumart.pl\/index.php\/wp-json\/wp\/v2\/product"}],"about":[{"href":"https:\/\/bumart.pl\/index.php\/wp-json\/wp\/v2\/types\/product"}],"replies":[{"embeddable":true,"href":"https:\/\/bumart.pl\/index.php\/wp-json\/wp\/v2\/comments?post=29281"}],"wp:featuredmedia":[{"embeddable":true,"href":"https:\/\/bumart.pl\/index.php\/wp-json\/wp\/v2\/media\/29282"}],"wp:attachment":[{"href":"https:\/\/bumart.pl\/index.php\/wp-json\/wp\/v2\/media?parent=29281"}],"wp:term":[{"taxonomy":"product_brand","embeddable":true,"href":"https:\/\/bumart.pl\/index.php\/wp-json\/wp\/v2\/product_brand?post=29281"},{"taxonomy":"product_cat","embeddable":true,"href":"https:\/\/bumart.pl\/index.php\/wp-json\/wp\/v2\/product_cat?post=29281"},{"taxonomy":"product_tag","embeddable":true,"href":"https:\/\/bumart.pl\/index.php\/wp-json\/wp\/v2\/product_tag?post=29281"}],"curies":[{"name":"wp","href":"https:\/\/api.w.org\/{rel}","templated":true}]}}