{"id":312,"date":"2025-12-12T12:55:26","date_gmt":"2025-12-12T12:55:26","guid":{"rendered":"https:\/\/bumart.pl\/index.php\/product\/styropian-fasada-6cm-bialy-0040-arbet\/"},"modified":"2026-04-10T10:46:40","modified_gmt":"2026-04-10T10:46:40","slug":"styropian-fasada-6cm-bialy-0040-arbet","status":"publish","type":"product","link":"https:\/\/bumart.pl\/index.php\/product\/styropian-fasada-6cm-bialy-0040-arbet\/","title":{"rendered":"Styropian fasada 6cm bia\u0142y 0,040 ARBET"},"content":{"rendered":"","protected":false},"excerpt":{"rendered":"<p>P\u0142yty styropianowe fasada 040 przeznaczone s\u0105 do stosowania w aplikacjach niewymagaj\u0105cych przenoszenia obci\u0105\u017ce\u0144 mechanicznych, lub wymagaj\u0105cych przenoszenia niewielkich obci\u0105\u017ce\u0144 mechanicznych. Cena za kubik<\/p>\n","protected":false},"featured_media":313,"comment_status":"open","ping_status":"closed","template":"","meta":[],"product_brand":[],"product_cat":[39],"product_tag":[],"class_list":{"0":"post-312","1":"product","2":"type-product","3":"status-publish","4":"has-post-thumbnail","6":"product_cat-ocieplenie","8":"first","9":"outofstock","10":"taxable","11":"shipping-taxable","12":"purchasable","13":"product-type-simple"},"jetpack_sharing_enabled":true,"_links":{"self":[{"href":"https:\/\/bumart.pl\/index.php\/wp-json\/wp\/v2\/product\/312","targetHints":{"allow":["GET"]}}],"collection":[{"href":"https:\/\/bumart.pl\/index.php\/wp-json\/wp\/v2\/product"}],"about":[{"href":"https:\/\/bumart.pl\/index.php\/wp-json\/wp\/v2\/types\/product"}],"replies":[{"embeddable":true,"href":"https:\/\/bumart.pl\/index.php\/wp-json\/wp\/v2\/comments?post=312"}],"wp:featuredmedia":[{"embeddable":true,"href":"https:\/\/bumart.pl\/index.php\/wp-json\/wp\/v2\/media\/313"}],"wp:attachment":[{"href":"https:\/\/bumart.pl\/index.php\/wp-json\/wp\/v2\/media?parent=312"}],"wp:term":[{"taxonomy":"product_brand","embeddable":true,"href":"https:\/\/bumart.pl\/index.php\/wp-json\/wp\/v2\/product_brand?post=312"},{"taxonomy":"product_cat","embeddable":true,"href":"https:\/\/bumart.pl\/index.php\/wp-json\/wp\/v2\/product_cat?post=312"},{"taxonomy":"product_tag","embeddable":true,"href":"https:\/\/bumart.pl\/index.php\/wp-json\/wp\/v2\/product_tag?post=312"}],"curies":[{"name":"wp","href":"https:\/\/api.w.org\/{rel}","templated":true}]}}