{"id":3130,"date":"2025-12-12T13:32:41","date_gmt":"2025-12-12T13:32:41","guid":{"rendered":"https:\/\/bumart.pl\/index.php\/product\/zestaw-klucz-imbusowy-klucz-do-reg-okien\/"},"modified":"2026-04-04T13:47:12","modified_gmt":"2026-04-04T13:47:12","slug":"zestaw-klucz-imbusowy-klucz-do-reg-okien","status":"publish","type":"product","link":"https:\/\/bumart.pl\/index.php\/product\/zestaw-klucz-imbusowy-klucz-do-reg-okien\/","title":{"rendered":"Zestaw klucz imbusowy+ klucz do reg. okien"},"content":{"rendered":"","protected":false},"excerpt":{"rendered":"<p>Zestaw sk\u0142ada si\u0119 ona z klucza imbusowego s\u0142u\u017c\u0105cego do regulacji zawias\u00f3w oraz klucza do regulacji si\u0142y docisku oku\u0107 okiennych.<\/p>\n","protected":false},"featured_media":3131,"comment_status":"open","ping_status":"closed","template":"","meta":[],"product_brand":[],"product_cat":[37],"product_tag":[],"class_list":{"0":"post-3130","1":"product","2":"type-product","3":"status-publish","4":"has-post-thumbnail","6":"product_cat-narzedzia","8":"first","9":"instock","10":"taxable","11":"shipping-taxable","12":"purchasable","13":"product-type-simple"},"jetpack_sharing_enabled":true,"_links":{"self":[{"href":"https:\/\/bumart.pl\/index.php\/wp-json\/wp\/v2\/product\/3130","targetHints":{"allow":["GET"]}}],"collection":[{"href":"https:\/\/bumart.pl\/index.php\/wp-json\/wp\/v2\/product"}],"about":[{"href":"https:\/\/bumart.pl\/index.php\/wp-json\/wp\/v2\/types\/product"}],"replies":[{"embeddable":true,"href":"https:\/\/bumart.pl\/index.php\/wp-json\/wp\/v2\/comments?post=3130"}],"wp:featuredmedia":[{"embeddable":true,"href":"https:\/\/bumart.pl\/index.php\/wp-json\/wp\/v2\/media\/3131"}],"wp:attachment":[{"href":"https:\/\/bumart.pl\/index.php\/wp-json\/wp\/v2\/media?parent=3130"}],"wp:term":[{"taxonomy":"product_brand","embeddable":true,"href":"https:\/\/bumart.pl\/index.php\/wp-json\/wp\/v2\/product_brand?post=3130"},{"taxonomy":"product_cat","embeddable":true,"href":"https:\/\/bumart.pl\/index.php\/wp-json\/wp\/v2\/product_cat?post=3130"},{"taxonomy":"product_tag","embeddable":true,"href":"https:\/\/bumart.pl\/index.php\/wp-json\/wp\/v2\/product_tag?post=3130"}],"curies":[{"name":"wp","href":"https:\/\/api.w.org\/{rel}","templated":true}]}}