{"id":41324,"date":"2026-04-23T12:31:44","date_gmt":"2026-04-23T12:31:44","guid":{"rendered":"https:\/\/bumart.pl\/index.php\/product\/puszka-instalacyjna-60-plytka-pu60\/"},"modified":"2026-04-30T09:12:50","modified_gmt":"2026-04-30T09:12:50","slug":"puszka-instalacyjna-60-plytka-pu60","status":"publish","type":"product","link":"https:\/\/bumart.pl\/index.php\/product\/puszka-instalacyjna-60-plytka-pu60\/","title":{"rendered":"Puszka instalacyjna 60 p\u0142ytka PU60"},"content":{"rendered":"","protected":false},"excerpt":{"rendered":"<p>Puszki wykonane s\u0105 z wysokiej jako\u015bci tworzywa sztucznego. \u0141atwy monta\u017c osprz\u0119tu elektrycznego i elektronicznego.<\/p>\n","protected":false},"featured_media":41325,"comment_status":"open","ping_status":"closed","template":"","meta":[],"product_brand":[],"product_cat":[34],"product_tag":[],"class_list":{"0":"post-41324","1":"product","2":"type-product","3":"status-publish","4":"has-post-thumbnail","6":"product_cat-instalacje-elektryczne","8":"first","9":"instock","10":"taxable","11":"shipping-taxable","12":"purchasable","13":"product-type-simple"},"jetpack_sharing_enabled":true,"_links":{"self":[{"href":"https:\/\/bumart.pl\/index.php\/wp-json\/wp\/v2\/product\/41324","targetHints":{"allow":["GET"]}}],"collection":[{"href":"https:\/\/bumart.pl\/index.php\/wp-json\/wp\/v2\/product"}],"about":[{"href":"https:\/\/bumart.pl\/index.php\/wp-json\/wp\/v2\/types\/product"}],"replies":[{"embeddable":true,"href":"https:\/\/bumart.pl\/index.php\/wp-json\/wp\/v2\/comments?post=41324"}],"wp:featuredmedia":[{"embeddable":true,"href":"https:\/\/bumart.pl\/index.php\/wp-json\/wp\/v2\/media\/41325"}],"wp:attachment":[{"href":"https:\/\/bumart.pl\/index.php\/wp-json\/wp\/v2\/media?parent=41324"}],"wp:term":[{"taxonomy":"product_brand","embeddable":true,"href":"https:\/\/bumart.pl\/index.php\/wp-json\/wp\/v2\/product_brand?post=41324"},{"taxonomy":"product_cat","embeddable":true,"href":"https:\/\/bumart.pl\/index.php\/wp-json\/wp\/v2\/product_cat?post=41324"},{"taxonomy":"product_tag","embeddable":true,"href":"https:\/\/bumart.pl\/index.php\/wp-json\/wp\/v2\/product_tag?post=41324"}],"curies":[{"name":"wp","href":"https:\/\/api.w.org\/{rel}","templated":true}]}}