{"id":4290,"date":"2025-12-12T13:47:31","date_gmt":"2025-12-12T13:47:31","guid":{"rendered":"https:\/\/bumart.pl\/index.php\/product\/motyczka-prosta-z-widelkami-trzonek-met-dl-114cm\/"},"modified":"2026-04-04T08:47:21","modified_gmt":"2026-04-04T08:47:21","slug":"motyczka-prosta-z-widelkami-trzonek-met-dl-114cm","status":"publish","type":"product","link":"https:\/\/bumart.pl\/index.php\/product\/motyczka-prosta-z-widelkami-trzonek-met-dl-114cm\/","title":{"rendered":"Motyczka prosta z wide\u0142kami trzonek met.d\u0142.114cm"},"content":{"rendered":"","protected":false},"excerpt":{"rendered":"<p>Motyka prosta przeznaczona do prac w ogrodzie czy rolnictwie. Przydatna podczas pielenia grz\u0105dek, wykopywania ro\u015blin, spulchniania i napowietrzania gleby. Wykonana z wytrzyma\u0142ej stali. R\u0119koje\u015b\u0107 pokryta materia\u0142em antypo\u015blizgowym.<\/p>\n","protected":false},"featured_media":4291,"comment_status":"open","ping_status":"closed","template":"","meta":[],"product_brand":[],"product_cat":[37],"product_tag":[],"class_list":{"0":"post-4290","1":"product","2":"type-product","3":"status-publish","4":"has-post-thumbnail","6":"product_cat-narzedzia","8":"first","9":"instock","10":"taxable","11":"shipping-taxable","12":"purchasable","13":"product-type-simple"},"jetpack_sharing_enabled":true,"_links":{"self":[{"href":"https:\/\/bumart.pl\/index.php\/wp-json\/wp\/v2\/product\/4290","targetHints":{"allow":["GET"]}}],"collection":[{"href":"https:\/\/bumart.pl\/index.php\/wp-json\/wp\/v2\/product"}],"about":[{"href":"https:\/\/bumart.pl\/index.php\/wp-json\/wp\/v2\/types\/product"}],"replies":[{"embeddable":true,"href":"https:\/\/bumart.pl\/index.php\/wp-json\/wp\/v2\/comments?post=4290"}],"wp:featuredmedia":[{"embeddable":true,"href":"https:\/\/bumart.pl\/index.php\/wp-json\/wp\/v2\/media\/4291"}],"wp:attachment":[{"href":"https:\/\/bumart.pl\/index.php\/wp-json\/wp\/v2\/media?parent=4290"}],"wp:term":[{"taxonomy":"product_brand","embeddable":true,"href":"https:\/\/bumart.pl\/index.php\/wp-json\/wp\/v2\/product_brand?post=4290"},{"taxonomy":"product_cat","embeddable":true,"href":"https:\/\/bumart.pl\/index.php\/wp-json\/wp\/v2\/product_cat?post=4290"},{"taxonomy":"product_tag","embeddable":true,"href":"https:\/\/bumart.pl\/index.php\/wp-json\/wp\/v2\/product_tag?post=4290"}],"curies":[{"name":"wp","href":"https:\/\/api.w.org\/{rel}","templated":true}]}}