{"id":460,"date":"2025-12-12T12:57:29","date_gmt":"2025-12-12T12:57:29","guid":{"rendered":"https:\/\/bumart.pl\/index.php\/product\/trojnik-rury-spustowej-110x110x67-gamrat-braz\/"},"modified":"2026-04-11T14:46:44","modified_gmt":"2026-04-11T14:46:44","slug":"trojnik-rury-spustowej-110x110x67-gamrat-braz","status":"publish","type":"product","link":"https:\/\/bumart.pl\/index.php\/product\/trojnik-rury-spustowej-110x110x67-gamrat-braz\/","title":{"rendered":"Tr\u00f3jnik rury spustowej 110x110x67 Gamrat br\u0105z"},"content":{"rendered":"","protected":false},"excerpt":{"rendered":"<p>Tr\u00f3jnik rynnowy pozwala po\u0142\u0105czy\u0107 ze sob\u0105 dwie rury spustowe w jedn\u0105. Do po\u0142\u0105czenia tr\u00f3jnika z rurami spustowymi, wymagana jest jedna z\u0142\u0105czka rury (mufa).<\/p>\n","protected":false},"featured_media":461,"comment_status":"open","ping_status":"closed","template":"","meta":[],"product_brand":[],"product_cat":[42],"product_tag":[],"class_list":{"0":"post-460","1":"product","2":"type-product","3":"status-publish","4":"has-post-thumbnail","6":"product_cat-pokrycia-dachowe","8":"first","9":"instock","10":"taxable","11":"shipping-taxable","12":"purchasable","13":"product-type-simple"},"jetpack_sharing_enabled":true,"_links":{"self":[{"href":"https:\/\/bumart.pl\/index.php\/wp-json\/wp\/v2\/product\/460","targetHints":{"allow":["GET"]}}],"collection":[{"href":"https:\/\/bumart.pl\/index.php\/wp-json\/wp\/v2\/product"}],"about":[{"href":"https:\/\/bumart.pl\/index.php\/wp-json\/wp\/v2\/types\/product"}],"replies":[{"embeddable":true,"href":"https:\/\/bumart.pl\/index.php\/wp-json\/wp\/v2\/comments?post=460"}],"wp:featuredmedia":[{"embeddable":true,"href":"https:\/\/bumart.pl\/index.php\/wp-json\/wp\/v2\/media\/461"}],"wp:attachment":[{"href":"https:\/\/bumart.pl\/index.php\/wp-json\/wp\/v2\/media?parent=460"}],"wp:term":[{"taxonomy":"product_brand","embeddable":true,"href":"https:\/\/bumart.pl\/index.php\/wp-json\/wp\/v2\/product_brand?post=460"},{"taxonomy":"product_cat","embeddable":true,"href":"https:\/\/bumart.pl\/index.php\/wp-json\/wp\/v2\/product_cat?post=460"},{"taxonomy":"product_tag","embeddable":true,"href":"https:\/\/bumart.pl\/index.php\/wp-json\/wp\/v2\/product_tag?post=460"}],"curies":[{"name":"wp","href":"https:\/\/api.w.org\/{rel}","templated":true}]}}