{"id":497,"date":"2025-12-12T12:57:58","date_gmt":"2025-12-12T12:57:58","guid":{"rendered":"https:\/\/bumart.pl\/index.php\/product\/drabinka-przeciwsniegowa-15x200cm-antracyt-stal-s\/"},"modified":"2026-04-11T14:46:44","modified_gmt":"2026-04-11T14:46:44","slug":"drabinka-przeciwsniegowa-15x200cm-antracyt-stal-s","status":"publish","type":"product","link":"https:\/\/bumart.pl\/index.php\/product\/drabinka-przeciwsniegowa-15x200cm-antracyt-stal-s\/","title":{"rendered":"Drabinka przeciw\u015bniegowa 15x200cm antracyt Stal-S"},"content":{"rendered":"","protected":false},"excerpt":{"rendered":"<p>Drabinka przeciw\u015bniegowa stanowi istotny element zabezpiecze\u0144 budynku, zaprojektowany do ochrony przed skutkami zalegania \u015bniegu na dachu. Jest to szczeg\u00f3lnie wa\u017cne w obszarach, gdzie \u015bnieg mo\u017ce stanowi\u0107 zagro\u017cenie dla bezpiecze\u0144stwa os\u00f3b i mienia.<\/p>\n","protected":false},"featured_media":498,"comment_status":"open","ping_status":"closed","template":"","meta":[],"product_brand":[],"product_cat":[42],"product_tag":[],"class_list":{"0":"post-497","1":"product","2":"type-product","3":"status-publish","4":"has-post-thumbnail","6":"product_cat-pokrycia-dachowe","8":"first","9":"instock","10":"taxable","11":"shipping-taxable","12":"purchasable","13":"product-type-simple"},"jetpack_sharing_enabled":true,"_links":{"self":[{"href":"https:\/\/bumart.pl\/index.php\/wp-json\/wp\/v2\/product\/497","targetHints":{"allow":["GET"]}}],"collection":[{"href":"https:\/\/bumart.pl\/index.php\/wp-json\/wp\/v2\/product"}],"about":[{"href":"https:\/\/bumart.pl\/index.php\/wp-json\/wp\/v2\/types\/product"}],"replies":[{"embeddable":true,"href":"https:\/\/bumart.pl\/index.php\/wp-json\/wp\/v2\/comments?post=497"}],"wp:featuredmedia":[{"embeddable":true,"href":"https:\/\/bumart.pl\/index.php\/wp-json\/wp\/v2\/media\/498"}],"wp:attachment":[{"href":"https:\/\/bumart.pl\/index.php\/wp-json\/wp\/v2\/media?parent=497"}],"wp:term":[{"taxonomy":"product_brand","embeddable":true,"href":"https:\/\/bumart.pl\/index.php\/wp-json\/wp\/v2\/product_brand?post=497"},{"taxonomy":"product_cat","embeddable":true,"href":"https:\/\/bumart.pl\/index.php\/wp-json\/wp\/v2\/product_cat?post=497"},{"taxonomy":"product_tag","embeddable":true,"href":"https:\/\/bumart.pl\/index.php\/wp-json\/wp\/v2\/product_tag?post=497"}],"curies":[{"name":"wp","href":"https:\/\/api.w.org\/{rel}","templated":true}]}}