{"id":5775,"date":"2025-12-12T14:08:44","date_gmt":"2025-12-12T14:08:44","guid":{"rendered":"https:\/\/bumart.pl\/index.php\/product\/farba-magnat-ceramic-25l-fiolkowy-ametyst-c36\/"},"modified":"2026-01-13T16:10:26","modified_gmt":"2026-01-13T16:10:26","slug":"farba-magnat-ceramic-25l-fiolkowy-ametyst-c36","status":"publish","type":"product","link":"https:\/\/bumart.pl\/index.php\/product\/farba-magnat-ceramic-25l-fiolkowy-ametyst-c36\/","title":{"rendered":"Farba Magnat Ceramic 2,5L Fio\u0142kowy ametyst C36"},"content":{"rendered":"","protected":false},"excerpt":{"rendered":"<p>Ceramiczna farba MAGNAT CERAMIC do wn\u0119trz bazuj\u0105ca na komponentach ceramicznych oraz najwy\u017cszej jako\u015bci \u017cywicach i pigmentach. Zapewnia trwa\u0142y kolor odporny na: plamy, zmywanie i szorowanie oraz intensywne u\u017cytkowanie. Wydajno\u015b\u0107 16m2\/L<\/p>\n","protected":false},"featured_media":5776,"comment_status":"open","ping_status":"closed","template":"","meta":[],"product_brand":[],"product_cat":[31],"product_tag":[],"class_list":{"0":"post-5775","1":"product","2":"type-product","3":"status-publish","4":"has-post-thumbnail","6":"product_cat-farby-tynki","8":"first","9":"instock","10":"taxable","11":"shipping-taxable","12":"purchasable","13":"product-type-simple"},"jetpack_sharing_enabled":true,"_links":{"self":[{"href":"https:\/\/bumart.pl\/index.php\/wp-json\/wp\/v2\/product\/5775","targetHints":{"allow":["GET"]}}],"collection":[{"href":"https:\/\/bumart.pl\/index.php\/wp-json\/wp\/v2\/product"}],"about":[{"href":"https:\/\/bumart.pl\/index.php\/wp-json\/wp\/v2\/types\/product"}],"replies":[{"embeddable":true,"href":"https:\/\/bumart.pl\/index.php\/wp-json\/wp\/v2\/comments?post=5775"}],"wp:featuredmedia":[{"embeddable":true,"href":"https:\/\/bumart.pl\/index.php\/wp-json\/wp\/v2\/media\/5776"}],"wp:attachment":[{"href":"https:\/\/bumart.pl\/index.php\/wp-json\/wp\/v2\/media?parent=5775"}],"wp:term":[{"taxonomy":"product_brand","embeddable":true,"href":"https:\/\/bumart.pl\/index.php\/wp-json\/wp\/v2\/product_brand?post=5775"},{"taxonomy":"product_cat","embeddable":true,"href":"https:\/\/bumart.pl\/index.php\/wp-json\/wp\/v2\/product_cat?post=5775"},{"taxonomy":"product_tag","embeddable":true,"href":"https:\/\/bumart.pl\/index.php\/wp-json\/wp\/v2\/product_tag?post=5775"}],"curies":[{"name":"wp","href":"https:\/\/api.w.org\/{rel}","templated":true}]}}