{"id":5949,"date":"2025-12-12T14:11:47","date_gmt":"2025-12-12T14:11:47","guid":{"rendered":"https:\/\/bumart.pl\/index.php\/product\/farba-sniezka-barwy-natury-25-srebrzyst-poran-192\/"},"modified":"2026-04-04T14:47:47","modified_gmt":"2026-04-04T14:47:47","slug":"farba-sniezka-barwy-natury-25-srebrzyst-poran-192","status":"publish","type":"product","link":"https:\/\/bumart.pl\/index.php\/product\/farba-sniezka-barwy-natury-25-srebrzyst-poran-192\/","title":{"rendered":"Farba \u015anie\u017cka Barwy Natury 2,5 Srebrzyst poran 192"},"content":{"rendered":"","protected":false},"excerpt":{"rendered":"<p>Farba lateksowa wewn\u0119trzna Barwy Natury, przeznaczona do dekoracyjno ochronnego malowania \u015bcian i sufit\u00f3w z zapraw cementowych, cementowo wapiennych, gipsowych, ceg\u0142y, p\u0142yt gipsowo kartonowych, powierzchni drewnianych i drewnopochodnych. Wydajno\u015b\u0107 14m2\/L.<\/p>\n","protected":false},"featured_media":5950,"comment_status":"open","ping_status":"closed","template":"","meta":[],"product_brand":[],"product_cat":[31],"product_tag":[],"class_list":{"0":"post-5949","1":"product","2":"type-product","3":"status-publish","4":"has-post-thumbnail","6":"product_cat-farby-tynki","8":"first","9":"instock","10":"taxable","11":"shipping-taxable","12":"purchasable","13":"product-type-simple"},"jetpack_sharing_enabled":true,"_links":{"self":[{"href":"https:\/\/bumart.pl\/index.php\/wp-json\/wp\/v2\/product\/5949","targetHints":{"allow":["GET"]}}],"collection":[{"href":"https:\/\/bumart.pl\/index.php\/wp-json\/wp\/v2\/product"}],"about":[{"href":"https:\/\/bumart.pl\/index.php\/wp-json\/wp\/v2\/types\/product"}],"replies":[{"embeddable":true,"href":"https:\/\/bumart.pl\/index.php\/wp-json\/wp\/v2\/comments?post=5949"}],"wp:featuredmedia":[{"embeddable":true,"href":"https:\/\/bumart.pl\/index.php\/wp-json\/wp\/v2\/media\/5950"}],"wp:attachment":[{"href":"https:\/\/bumart.pl\/index.php\/wp-json\/wp\/v2\/media?parent=5949"}],"wp:term":[{"taxonomy":"product_brand","embeddable":true,"href":"https:\/\/bumart.pl\/index.php\/wp-json\/wp\/v2\/product_brand?post=5949"},{"taxonomy":"product_cat","embeddable":true,"href":"https:\/\/bumart.pl\/index.php\/wp-json\/wp\/v2\/product_cat?post=5949"},{"taxonomy":"product_tag","embeddable":true,"href":"https:\/\/bumart.pl\/index.php\/wp-json\/wp\/v2\/product_tag?post=5949"}],"curies":[{"name":"wp","href":"https:\/\/api.w.org\/{rel}","templated":true}]}}