{"id":597,"date":"2025-12-12T12:59:21","date_gmt":"2025-12-12T12:59:21","guid":{"rendered":"https:\/\/bumart.pl\/index.php\/product\/rynna-125-3-0m-kaczmarek-braz\/"},"modified":"2026-04-11T14:46:52","modified_gmt":"2026-04-11T14:46:52","slug":"rynna-125-3-0m-kaczmarek-braz","status":"publish","type":"product","link":"https:\/\/bumart.pl\/index.php\/product\/rynna-125-3-0m-kaczmarek-braz\/","title":{"rendered":"Rynna 125\/3.0m Kaczmarek Br\u0105z"},"content":{"rendered":"","protected":false},"excerpt":{"rendered":"<p>Rynna przeznaczona do odprowadzania wody deszczowej z dach\u00f3w \u015brednich i du\u017cych obiekt\u00f3w.<\/p>\n","protected":false},"featured_media":598,"comment_status":"open","ping_status":"closed","template":"","meta":[],"product_brand":[],"product_cat":[42],"product_tag":[],"class_list":{"0":"post-597","1":"product","2":"type-product","3":"status-publish","4":"has-post-thumbnail","6":"product_cat-pokrycia-dachowe","8":"first","9":"instock","10":"taxable","11":"shipping-taxable","12":"purchasable","13":"product-type-simple"},"jetpack_sharing_enabled":true,"_links":{"self":[{"href":"https:\/\/bumart.pl\/index.php\/wp-json\/wp\/v2\/product\/597","targetHints":{"allow":["GET"]}}],"collection":[{"href":"https:\/\/bumart.pl\/index.php\/wp-json\/wp\/v2\/product"}],"about":[{"href":"https:\/\/bumart.pl\/index.php\/wp-json\/wp\/v2\/types\/product"}],"replies":[{"embeddable":true,"href":"https:\/\/bumart.pl\/index.php\/wp-json\/wp\/v2\/comments?post=597"}],"wp:featuredmedia":[{"embeddable":true,"href":"https:\/\/bumart.pl\/index.php\/wp-json\/wp\/v2\/media\/598"}],"wp:attachment":[{"href":"https:\/\/bumart.pl\/index.php\/wp-json\/wp\/v2\/media?parent=597"}],"wp:term":[{"taxonomy":"product_brand","embeddable":true,"href":"https:\/\/bumart.pl\/index.php\/wp-json\/wp\/v2\/product_brand?post=597"},{"taxonomy":"product_cat","embeddable":true,"href":"https:\/\/bumart.pl\/index.php\/wp-json\/wp\/v2\/product_cat?post=597"},{"taxonomy":"product_tag","embeddable":true,"href":"https:\/\/bumart.pl\/index.php\/wp-json\/wp\/v2\/product_tag?post=597"}],"curies":[{"name":"wp","href":"https:\/\/api.w.org\/{rel}","templated":true}]}}