{"id":6305,"date":"2025-12-12T14:17:56","date_gmt":"2025-12-12T14:17:56","guid":{"rendered":"https:\/\/bumart.pl\/index.php\/product\/farba-magnat-ceramic-5l-kremowy-jaspis-c63\/"},"modified":"2026-04-04T14:47:57","modified_gmt":"2026-04-04T14:47:57","slug":"farba-magnat-ceramic-5l-kremowy-jaspis-c63","status":"publish","type":"product","link":"https:\/\/bumart.pl\/index.php\/product\/farba-magnat-ceramic-5l-kremowy-jaspis-c63\/","title":{"rendered":"Farba Magnat Ceramic 5L Kremowy jaspis C63"},"content":{"rendered":"","protected":false},"excerpt":{"rendered":"<p>Ceramiczna farba MAGNAT CERAMIC do wn\u0119trz bazuj\u0105ca na komponentach ceramicznych oraz najwy\u017cszej jako\u015bci \u017cywicach i pigmentach. Zapewnia trwa\u0142y kolor odporny na: plamy, zmywanie i szorowanie oraz intensywne u\u017cytkowanie. Wydajno\u015b\u0107 16m2\/L<\/p>\n","protected":false},"featured_media":30017,"comment_status":"open","ping_status":"closed","template":"","meta":[],"product_brand":[],"product_cat":[31],"product_tag":[],"class_list":{"0":"post-6305","1":"product","2":"type-product","3":"status-publish","4":"has-post-thumbnail","6":"product_cat-farby-tynki","8":"first","9":"instock","10":"taxable","11":"shipping-taxable","12":"purchasable","13":"product-type-simple"},"jetpack_sharing_enabled":true,"_links":{"self":[{"href":"https:\/\/bumart.pl\/index.php\/wp-json\/wp\/v2\/product\/6305","targetHints":{"allow":["GET"]}}],"collection":[{"href":"https:\/\/bumart.pl\/index.php\/wp-json\/wp\/v2\/product"}],"about":[{"href":"https:\/\/bumart.pl\/index.php\/wp-json\/wp\/v2\/types\/product"}],"replies":[{"embeddable":true,"href":"https:\/\/bumart.pl\/index.php\/wp-json\/wp\/v2\/comments?post=6305"}],"wp:featuredmedia":[{"embeddable":true,"href":"https:\/\/bumart.pl\/index.php\/wp-json\/wp\/v2\/media\/30017"}],"wp:attachment":[{"href":"https:\/\/bumart.pl\/index.php\/wp-json\/wp\/v2\/media?parent=6305"}],"wp:term":[{"taxonomy":"product_brand","embeddable":true,"href":"https:\/\/bumart.pl\/index.php\/wp-json\/wp\/v2\/product_brand?post=6305"},{"taxonomy":"product_cat","embeddable":true,"href":"https:\/\/bumart.pl\/index.php\/wp-json\/wp\/v2\/product_cat?post=6305"},{"taxonomy":"product_tag","embeddable":true,"href":"https:\/\/bumart.pl\/index.php\/wp-json\/wp\/v2\/product_tag?post=6305"}],"curies":[{"name":"wp","href":"https:\/\/api.w.org\/{rel}","templated":true}]}}